{"id":6,"date":"2022-11-02T08:40:35","date_gmt":"2022-11-02T08:40:35","guid":{"rendered":"https:\/\/pippicirkus.se\/?page_id=6"},"modified":"2023-08-21T10:22:18","modified_gmt":"2023-08-21T09:22:18","slug":"hem","status":"publish","type":"page","link":"https:\/\/pippicirkus.se\/sv\/","title":{"rendered":"Start"},"content":{"rendered":"\r\n<section class=\"hero\">\r\n  <div class=\"container\">\r\n\r\n          <div class=\"image\">\r\n        <img loading=\"lazy\" decoding=\"async\" width=\"2560\" height=\"1440\" src=\"https:\/\/pippicirkus.se\/wp-content\/uploads\/2022\/12\/pippi-cirkus-1920x1080px-scaled.jpg\" class=\"attachment-full size-full\" alt=\"\" srcset=\"https:\/\/pippicirkus.se\/wp-content\/uploads\/2022\/12\/pippi-cirkus-1920x1080px-scaled.jpg 2560w, https:\/\/pippicirkus.se\/wp-content\/uploads\/2022\/12\/pippi-cirkus-1920x1080px-300x169.jpg 300w, https:\/\/pippicirkus.se\/wp-content\/uploads\/2022\/12\/pippi-cirkus-1920x1080px-1024x576.jpg 1024w, https:\/\/pippicirkus.se\/wp-content\/uploads\/2022\/12\/pippi-cirkus-1920x1080px-768x432.jpg 768w, https:\/\/pippicirkus.se\/wp-content\/uploads\/2022\/12\/pippi-cirkus-1920x1080px-1536x864.jpg 1536w, https:\/\/pippicirkus.se\/wp-content\/uploads\/2022\/12\/pippi-cirkus-1920x1080px-2048x1152.jpg 2048w\" sizes=\"auto, (max-width: 2560px) 100vw, 2560px\" \/>      <\/div>\r\n        \r\n    <div class=\"content\">\r\n      <p>Bj\u00f6rn Ulvaeus och<br \/>\nCirkus Cirk\u00f6r presenterar<\/p>\n              <img decoding=\"async\" src=\"https:\/\/pippicirkus.se\/wp-content\/uploads\/2022\/11\/Logo.png\" alt=\"Pippi P\u00e5 Cirkus\" loading=\"lazy\">\r\n            <\/div>\r\n\r\n        <a class=\"read-more\" href=\"#\"><span>L\u00e4s mer<\/span><\/a>\r\n  <\/div>\r\n<\/section>\r\n\n\n\r\n<section class=\"content yellow\" style=\"background-image:url(https:\/\/pippicirkus.se\/wp-content\/uploads\/2022\/12\/ppc-pattern-red-1920x1080-1.jpg)\">\r\n  <div class=\"container\">\r\n    <div class=\"wrapper\">\r\n            <div class=\"title\">Tack!<\/div>\r\n            <div class=\"content\"><h2><b>Ett stort tack till alla bes\u00f6kare!<\/b><\/h2>\n<p>2023 \u00e5rs upps\u00e4ttning \u00e4r nu slutspelad, tack till alla som bes\u00f6kte Pippi p\u00e5 Cirkus i sommar. Vilken publik!<\/p>\n<\/div>\r\n          <\/div>\r\n  <\/div>\r\n<\/section>\r\n\n\n\r\n<section class=\"reviews\">\r\n  <div class=\"container\">\r\n    <div class=\"row\">\r\n          <div class=\"col-md-6\">\r\n        <div class=\"inner\">\r\n                      <img decoding=\"async\" src=\"https:\/\/pippicirkus.se\/wp-content\/uploads\/2022\/11\/aftonbladet.png\" alt=\"\">\r\n                    <h3>\u201dFullkomligt underbart!\u201d<\/h3>\r\n          <p>Aftonbladet <\/p>\n                      <a href=\"https:\/\/www.aftonbladet.se\/nojesbladet\/a\/z7a1qr\/pippi-pa-cirkus-sa-bra-ar-musikalen\" target=\"_blank\">L\u00e4s hela recensionen<\/a>\r\n                  <\/div>\r\n      <\/div>\r\n            <div class=\"col-md-6\">\r\n        <div class=\"inner\">\r\n                    <h3>\u201cN\u00e5r svindlande h\u00f6jder\u201d<\/h3>\r\n          <p>DN<\/p>\n                      <a href=\"https:\/\/www.dn.se\/kultur\/pippi-pa-cirkus-nar-stundom-svindlande-hojder\/\" target=\"_blank\">L\u00e4s hela recensionen<\/a>\r\n                  <\/div>\r\n      <\/div>\r\n            <div class=\"col-md-6\">\r\n        <div class=\"inner\">\r\n                    <h3>\u201dEn oupph\u00f6rligt h\u00e4ndelserik och h\u00e4pnadsv\u00e4ckande h\u00e4ftig cirkusshow med extra allt.\u201d<\/h3>\r\n          <p>SvD<\/p>\n                      <a href=\"https:\/\/www.svd.se\/a\/Kzom65\/bjorn-ulvaeus-pippi-pa-cirkus-ar-svangigt-hisnande\" target=\"_blank\">L\u00e4s hela recensionen<\/a>\r\n                  <\/div>\r\n      <\/div>\r\n            <div class=\"col-md-6\">\r\n        <div class=\"inner\">\r\n                    <h3>\u201dStor underh\u00e5llning i magiskt ljus\u201d<\/h3>\r\n          <p>Expressen<\/p>\n                      <a href=\"https:\/\/www.expressen.se\/kultur\/scen\/karnevaliskt-overflod-i-pippi-pa-cirkus\/\" target=\"_blank\">L\u00e4s hela recensionen<\/a>\r\n                  <\/div>\r\n      <\/div>\r\n          <\/div>\r\n  <\/div>\r\n<\/section>\r\n\n\n\r\n<section class=\"content yellow\" style=\"background-image:url(https:\/\/pippicirkus.se\/wp-content\/uploads\/2022\/12\/ppc-pattern-red-1920x1080-1.jpg)\">\r\n  <div class=\"container\">\r\n    <div class=\"wrapper\">\r\n            <div class=\"title\">OM PIPPI P\u00c5 CIRKUS<\/div>\r\n            <div class=\"content\"><h2><b>Cirkusmusikalen f\u00f6r hela familjen<\/b><\/h2>\n<div id=\"hidefornow2\" class=\"elementor-element elementor-element-295f229 elementor-widget elementor-widget-text-editor\" data-id=\"295f229\" data-element_type=\"widget\" data-widget_type=\"text-editor.default\">\n<div class=\"elementor-widget-container\">\n<div class=\"elementor-text-editor elementor-clearfix\">\n<div class=\"event-excerpt cnt-spacing-2\">\n<p>Dansande pudlar, m\u00e4nskliga kanoner och en f\u00e4rgsprakande orkester. En argsint cirkusdirekt\u00f6r och v\u00e4rldens starkaste flicka. Pippi p\u00e5 Cirkus \u00e4r en godisp\u00e5se fullproppad med allt som \u00e4r kul. Baserad p\u00e5 Astrid Lindgrens klassiska ber\u00e4ttelse har bland andra Bj\u00f6rn Ulvaeus, Maria Blom, Tilde Bj\u00f6rfors och Cirkus Cirk\u00f6r skapat en f\u00f6rest\u00e4llning ut\u00f6ver det vanliga \u2014 en sprakande cirkusmusikal f\u00f6r alla barn mellan 3 och 113 \u00e5r.<\/p>\n<\/div>\n<p>Pippi p\u00e5 Cirkus spelades sommaren 2023 och sommaren 2022.<\/p>\n<\/div>\n<\/div>\n<\/div>\n<\/div>\r\n              <a class=\"button\" href=\"https:\/\/pippicirkus.se\/sv\/om-forestallningen\/\" target=\"_self\"><span>L\u00e4s mer om f\u00f6rest\u00e4llningen<\/span><\/a>\r\n          <\/div>\r\n  <\/div>\r\n<\/section>\r\n\n\n\r\n<section class=\"video\">\r\n  <div class=\"container\">\r\n\r\n        <video autoplay muted playsinline loop>\r\n      <source src=\"https:\/\/pippicirkus.se\/wp-content\/uploads\/2023\/05\/16_9-PPC.mp4\" type=\"video\/mp4\">\r\n      Your browser does not support the video tag.\r\n    <\/video>\r\n    \r\n    <div class=\"content\">\r\n      <div class=\"title\">In the Making av Pippi p\u00e5 Cirkus<\/div>\r\n      <h2>Se dokument\u00e4ren<\/h2>\r\n    <\/div>\r\n\r\n    <div class=\"play\">\r\n          <a data-fslightbox=\"video\" href=\"https:\/\/www.youtube.com\/embed\/MqrjRbO6zYs?feature=oembed\"><\/a>\r\n    <\/div>\r\n\r\n  <\/div>\r\n<\/section>\r\n\n\n\r\n<section class=\"gallery\">\r\n<a data-fslightbox=\"gallery\" href=\"https:\/\/pippicirkus.se\/wp-content\/uploads\/2022\/12\/dsc6525-ljus-redigerad.jpg\"><img loading=\"lazy\" decoding=\"async\" width=\"576\" height=\"576\" src=\"https:\/\/pippicirkus.se\/wp-content\/uploads\/2022\/12\/dsc6525-ljus-redigerad-576x576.jpg\" class=\"attachment-gallery size-gallery\" alt=\"Pippi p\u00e5 Cirkus\" srcset=\"https:\/\/pippicirkus.se\/wp-content\/uploads\/2022\/12\/dsc6525-ljus-redigerad-576x576.jpg 576w, https:\/\/pippicirkus.se\/wp-content\/uploads\/2022\/12\/dsc6525-ljus-redigerad-300x300.jpg 300w, https:\/\/pippicirkus.se\/wp-content\/uploads\/2022\/12\/dsc6525-ljus-redigerad-150x150.jpg 150w, https:\/\/pippicirkus.se\/wp-content\/uploads\/2022\/12\/dsc6525-ljus-redigerad.jpg 709w\" sizes=\"auto, (max-width: 576px) 100vw, 576px\" \/><\/a><a data-fslightbox=\"gallery\" href=\"https:\/\/pippicirkus.se\/wp-content\/uploads\/2022\/12\/dsc4106-ljus-redigerad.jpg\"><img loading=\"lazy\" decoding=\"async\" width=\"567\" height=\"567\" src=\"https:\/\/pippicirkus.se\/wp-content\/uploads\/2022\/12\/dsc4106-ljus-redigerad.jpg\" class=\"attachment-gallery size-gallery\" alt=\"Pippi p\u00e5 Cirkus\" srcset=\"https:\/\/pippicirkus.se\/wp-content\/uploads\/2022\/12\/dsc4106-ljus-redigerad.jpg 567w, https:\/\/pippicirkus.se\/wp-content\/uploads\/2022\/12\/dsc4106-ljus-redigerad-300x300.jpg 300w, https:\/\/pippicirkus.se\/wp-content\/uploads\/2022\/12\/dsc4106-ljus-redigerad-150x150.jpg 150w\" sizes=\"auto, (max-width: 567px) 100vw, 567px\" \/><\/a><a data-fslightbox=\"gallery\" href=\"https:\/\/pippicirkus.se\/wp-content\/uploads\/2022\/12\/dsc5178-ljus-redigerad.jpg\"><img loading=\"lazy\" decoding=\"async\" width=\"567\" height=\"567\" src=\"https:\/\/pippicirkus.se\/wp-content\/uploads\/2022\/12\/dsc5178-ljus-redigerad.jpg\" class=\"attachment-gallery size-gallery\" alt=\"Pippi p\u00e5 Cirkus\" srcset=\"https:\/\/pippicirkus.se\/wp-content\/uploads\/2022\/12\/dsc5178-ljus-redigerad.jpg 567w, https:\/\/pippicirkus.se\/wp-content\/uploads\/2022\/12\/dsc5178-ljus-redigerad-300x300.jpg 300w, https:\/\/pippicirkus.se\/wp-content\/uploads\/2022\/12\/dsc5178-ljus-redigerad-150x150.jpg 150w\" sizes=\"auto, (max-width: 567px) 100vw, 567px\" \/><\/a><a data-fslightbox=\"gallery\" href=\"https:\/\/pippicirkus.se\/wp-content\/uploads\/2022\/12\/dsc2913-ljus-redigerad.jpg\"><img loading=\"lazy\" decoding=\"async\" width=\"567\" height=\"567\" src=\"https:\/\/pippicirkus.se\/wp-content\/uploads\/2022\/12\/dsc2913-ljus-redigerad.jpg\" class=\"attachment-gallery size-gallery\" alt=\"Pippi p\u00e5 Cirkus\" srcset=\"https:\/\/pippicirkus.se\/wp-content\/uploads\/2022\/12\/dsc2913-ljus-redigerad.jpg 567w, https:\/\/pippicirkus.se\/wp-content\/uploads\/2022\/12\/dsc2913-ljus-redigerad-300x300.jpg 300w, https:\/\/pippicirkus.se\/wp-content\/uploads\/2022\/12\/dsc2913-ljus-redigerad-150x150.jpg 150w\" sizes=\"auto, (max-width: 567px) 100vw, 567px\" \/><\/a><a data-fslightbox=\"gallery\" href=\"https:\/\/pippicirkus.se\/wp-content\/uploads\/2022\/12\/dsc5745-ljus-redigerad.jpg\"><img loading=\"lazy\" decoding=\"async\" width=\"567\" height=\"567\" src=\"https:\/\/pippicirkus.se\/wp-content\/uploads\/2022\/12\/dsc5745-ljus-redigerad.jpg\" class=\"attachment-gallery size-gallery\" alt=\"Pippi p\u00e5 Cirkus\" srcset=\"https:\/\/pippicirkus.se\/wp-content\/uploads\/2022\/12\/dsc5745-ljus-redigerad.jpg 567w, https:\/\/pippicirkus.se\/wp-content\/uploads\/2022\/12\/dsc5745-ljus-redigerad-300x300.jpg 300w, https:\/\/pippicirkus.se\/wp-content\/uploads\/2022\/12\/dsc5745-ljus-redigerad-150x150.jpg 150w\" sizes=\"auto, (max-width: 567px) 100vw, 567px\" \/><\/a><a data-fslightbox=\"gallery\" href=\"https:\/\/pippicirkus.se\/wp-content\/uploads\/2022\/12\/dsc7279-ljus-redigerad.jpg\"><img loading=\"lazy\" decoding=\"async\" width=\"576\" height=\"576\" src=\"https:\/\/pippicirkus.se\/wp-content\/uploads\/2022\/12\/dsc7279-ljus-redigerad-576x576.jpg\" class=\"attachment-gallery size-gallery\" alt=\"Pippi p\u00e5 Cirkus\" srcset=\"https:\/\/pippicirkus.se\/wp-content\/uploads\/2022\/12\/dsc7279-ljus-redigerad-576x576.jpg 576w, https:\/\/pippicirkus.se\/wp-content\/uploads\/2022\/12\/dsc7279-ljus-redigerad-300x300.jpg 300w, https:\/\/pippicirkus.se\/wp-content\/uploads\/2022\/12\/dsc7279-ljus-redigerad-150x150.jpg 150w, https:\/\/pippicirkus.se\/wp-content\/uploads\/2022\/12\/dsc7279-ljus-redigerad.jpg 709w\" sizes=\"auto, (max-width: 576px) 100vw, 576px\" \/><\/a><a data-fslightbox=\"gallery\" href=\"https:\/\/pippicirkus.se\/wp-content\/uploads\/2022\/12\/dsc2890-ljus-redigerad.jpg\"><img loading=\"lazy\" decoding=\"async\" width=\"567\" height=\"567\" src=\"https:\/\/pippicirkus.se\/wp-content\/uploads\/2022\/12\/dsc2890-ljus-redigerad.jpg\" class=\"attachment-gallery size-gallery\" alt=\"Pippi p\u00e5 Cirkus\" srcset=\"https:\/\/pippicirkus.se\/wp-content\/uploads\/2022\/12\/dsc2890-ljus-redigerad.jpg 567w, https:\/\/pippicirkus.se\/wp-content\/uploads\/2022\/12\/dsc2890-ljus-redigerad-300x300.jpg 300w, https:\/\/pippicirkus.se\/wp-content\/uploads\/2022\/12\/dsc2890-ljus-redigerad-150x150.jpg 150w\" sizes=\"auto, (max-width: 567px) 100vw, 567px\" \/><\/a><a data-fslightbox=\"gallery\" href=\"https:\/\/pippicirkus.se\/wp-content\/uploads\/2022\/12\/dsc3288-ljus-redigerad.jpg\"><img loading=\"lazy\" decoding=\"async\" width=\"567\" height=\"567\" src=\"https:\/\/pippicirkus.se\/wp-content\/uploads\/2022\/12\/dsc3288-ljus-redigerad.jpg\" class=\"attachment-gallery size-gallery\" alt=\"Pippi p\u00e5 Cirkus\" srcset=\"https:\/\/pippicirkus.se\/wp-content\/uploads\/2022\/12\/dsc3288-ljus-redigerad.jpg 567w, https:\/\/pippicirkus.se\/wp-content\/uploads\/2022\/12\/dsc3288-ljus-redigerad-300x300.jpg 300w, https:\/\/pippicirkus.se\/wp-content\/uploads\/2022\/12\/dsc3288-ljus-redigerad-150x150.jpg 150w\" sizes=\"auto, (max-width: 567px) 100vw, 567px\" \/><\/a><a data-fslightbox=\"gallery\" href=\"https:\/\/pippicirkus.se\/wp-content\/uploads\/2023\/06\/dsc1869-scaled.jpg\"><img loading=\"lazy\" decoding=\"async\" width=\"576\" height=\"576\" src=\"https:\/\/pippicirkus.se\/wp-content\/uploads\/2023\/06\/dsc1869-576x576.jpg\" class=\"attachment-gallery size-gallery\" alt=\"\" srcset=\"https:\/\/pippicirkus.se\/wp-content\/uploads\/2023\/06\/dsc1869-576x576.jpg 576w, https:\/\/pippicirkus.se\/wp-content\/uploads\/2023\/06\/dsc1869-150x150.jpg 150w\" sizes=\"auto, (max-width: 576px) 100vw, 576px\" \/><\/a><a data-fslightbox=\"gallery\" href=\"https:\/\/pippicirkus.se\/wp-content\/uploads\/2023\/06\/dsc3228-scaled.jpg\"><img loading=\"lazy\" decoding=\"async\" width=\"576\" height=\"576\" src=\"https:\/\/pippicirkus.se\/wp-content\/uploads\/2023\/06\/dsc3228-576x576.jpg\" class=\"attachment-gallery size-gallery\" alt=\"\" srcset=\"https:\/\/pippicirkus.se\/wp-content\/uploads\/2023\/06\/dsc3228-576x576.jpg 576w, https:\/\/pippicirkus.se\/wp-content\/uploads\/2023\/06\/dsc3228-150x150.jpg 150w\" sizes=\"auto, (max-width: 576px) 100vw, 576px\" \/><\/a><a data-fslightbox=\"gallery\" href=\"https:\/\/pippicirkus.se\/wp-content\/uploads\/2023\/06\/dsc9571-scaled.jpg\"><img loading=\"lazy\" decoding=\"async\" width=\"576\" height=\"576\" src=\"https:\/\/pippicirkus.se\/wp-content\/uploads\/2023\/06\/dsc9571-576x576.jpg\" class=\"attachment-gallery size-gallery\" alt=\"\" srcset=\"https:\/\/pippicirkus.se\/wp-content\/uploads\/2023\/06\/dsc9571-576x576.jpg 576w, https:\/\/pippicirkus.se\/wp-content\/uploads\/2023\/06\/dsc9571-150x150.jpg 150w\" sizes=\"auto, (max-width: 576px) 100vw, 576px\" \/><\/a><a data-fslightbox=\"gallery\" href=\"https:\/\/pippicirkus.se\/wp-content\/uploads\/2023\/06\/dsc4320-scaled.jpg\"><img loading=\"lazy\" decoding=\"async\" width=\"576\" height=\"576\" src=\"https:\/\/pippicirkus.se\/wp-content\/uploads\/2023\/06\/dsc4320-576x576.jpg\" class=\"attachment-gallery size-gallery\" alt=\"\" srcset=\"https:\/\/pippicirkus.se\/wp-content\/uploads\/2023\/06\/dsc4320-576x576.jpg 576w, https:\/\/pippicirkus.se\/wp-content\/uploads\/2023\/06\/dsc4320-150x150.jpg 150w\" sizes=\"auto, (max-width: 576px) 100vw, 576px\" \/><\/a><\/section>\r\n\n\n\r\n<section class=\"testimonials\" data-autoplay=\"true\">\r\n  <div class=\"container\">\r\n    <div class=\"swiper\">\r\n      <div class=\"swiper-wrapper\">\r\n              <div class=\"swiper-slide\" data-swiper-autoplay=\"3000\">\r\n          <div class=\"text\">\r\n            <h3>Fr\u00e5gan \u00e4r vem som hade roligast, jag eller mina barnbarn?<\/h3>\r\n            <p>Gunilla, 72<\/p>\r\n          <\/div>\r\n        <\/div>\r\n                <div class=\"swiper-slide\" data-swiper-autoplay=\"3000\">\r\n          <div class=\"text\">\r\n            <h3>Jag vill l\u00e4ra mig prick alla cirkuskonsterna!<\/h3>\r\n            <p>Rolle, 9<\/p>\r\n          <\/div>\r\n        <\/div>\r\n                <div class=\"swiper-slide\" data-swiper-autoplay=\"3000\">\r\n          <div class=\"text\">\r\n            <h3>B\u00e4st var de flygande h\u00e4starna!<\/h3>\r\n            <p>Malin, 35 och Frankie, 8<\/p>\r\n          <\/div>\r\n        <\/div>\r\n                <div class=\"swiper-slide\" data-swiper-autoplay=\"3000\">\r\n          <div class=\"text\">\r\n            <h3>Jag blev helt klart lite k\u00e4r i starke Adolf.<\/h3>\r\n            <p>Jostein, 39<\/p>\r\n          <\/div>\r\n        <\/div>\r\n                <div class=\"swiper-slide\" data-swiper-autoplay=\"3000\">\r\n          <div class=\"text\">\r\n            <h3>Det h\u00e4r var typ b\u00e4ttre \u00e4n Mello! <\/h3>\r\n            <p>My, 7 <\/p>\r\n          <\/div>\r\n        <\/div>\r\n                <div class=\"swiper-slide\" data-swiper-autoplay=\"3000\">\r\n          <div class=\"text\">\r\n            <h3>Jag vill g\u00e5 igen igen igen.<\/h3>\r\n            <p>Milly, 5<\/p>\r\n          <\/div>\r\n        <\/div>\r\n                <div class=\"swiper-slide\" data-swiper-autoplay=\"3000\">\r\n          <div class=\"text\">\r\n            <h3>Pippi kan vara v\u00e4rldens b\u00e4sta f\u00f6rebild, jag ska bli mer som Pippi.<\/h3>\r\n            <p>Nisse, 38<\/p>\r\n          <\/div>\r\n        <\/div>\r\n                <div class=\"swiper-slide\" data-swiper-autoplay=\"3000\">\r\n          <div class=\"text\">\r\n            <h3>Wow!<\/h3>\r\n            <p>Viggo, 14<\/p>\r\n          <\/div>\r\n        <\/div>\r\n                <div class=\"swiper-slide\" data-swiper-autoplay=\"3000\">\r\n          <div class=\"text\">\r\n            <h3>Det b\u00e4sta jag sett. <\/h3>\r\n            <p>Emil, 12 <\/p>\r\n          <\/div>\r\n        <\/div>\r\n                <div class=\"swiper-slide\" data-swiper-autoplay=\"3000\">\r\n          <div class=\"text\">\r\n            <h3>Cirkuseriet gav mig svindel. Musiken fyllde hela mig med gl\u00e4dje.<\/h3>\r\n            <p>Elin, 42<\/p>\r\n          <\/div>\r\n        <\/div>\r\n                <div class=\"swiper-slide\" data-swiper-autoplay=\"3000\">\r\n          <div class=\"text\">\r\n            <h3>\u00c4r det f\u00f6r sent att sadla om och join the circus? Blev s\u00e5 inspirerad.<\/h3>\r\n            <p>Jan, 70<\/p>\r\n          <\/div>\r\n        <\/div>\r\n              <\/div>\r\n      <div class=\"swiper-pagination\"><\/div>\r\n    <\/div>\r\n  <\/div>\r\n<\/section>\r\n","protected":false},"excerpt":{"rendered":"","protected":false},"author":1,"featured_media":374,"parent":0,"menu_order":0,"comment_status":"closed","ping_status":"closed","template":"","meta":{"_acf_changed":false,"inline_featured_image":false,"footnotes":""},"class_list":["post-6","page","type-page","status-publish","has-post-thumbnail","hentry"],"acf":[],"yoast_head":"<!-- This site is optimized with the Yoast SEO plugin v27.3 - https:\/\/yoast.com\/product\/yoast-seo-wordpress\/ -->\n<title>Pippi P\u00e5 Cirkus - Cirkusmusikalen f\u00f6r hela familjen<\/title>\n<meta name=\"description\" content=\"Pippi p\u00e5 Cirkus \u00e4r en godisp\u00e5se fullproppad med allt som \u00e4r kul. En sprakande cirkusmusikal f\u00f6r alla barn mellan 3 och 113 \u00e5r. K\u00f6p biljett idag.\" \/>\n<meta name=\"robots\" content=\"index, follow, max-snippet:-1, max-image-preview:large, max-video-preview:-1\" \/>\n<link rel=\"canonical\" href=\"https:\/\/pippicirkus.se\/sv\/\" \/>\n<meta property=\"og:locale\" content=\"sv_SE\" \/>\n<meta property=\"og:type\" content=\"article\" \/>\n<meta property=\"og:title\" content=\"Pippi P\u00e5 Cirkus - Cirkusmusikalen f\u00f6r hela familjen\" \/>\n<meta property=\"og:description\" content=\"Pippi p\u00e5 Cirkus \u00e4r en godisp\u00e5se fullproppad med allt som \u00e4r kul. En sprakande cirkusmusikal f\u00f6r alla barn mellan 3 och 113 \u00e5r. K\u00f6p biljett idag.\" \/>\n<meta property=\"og:url\" content=\"https:\/\/pippicirkus.se\/sv\/\" \/>\n<meta property=\"og:site_name\" content=\"Pippi P\u00e5 Cirkus\" \/>\n<meta property=\"article:modified_time\" content=\"2023-08-21T09:22:18+00:00\" \/>\n<meta property=\"og:image\" content=\"https:\/\/pippicirkus.se\/app\/uploads\/2022\/12\/keyvisual-low.jpg\" \/>\n\t<meta property=\"og:image:width\" content=\"2274\" \/>\n\t<meta property=\"og:image:height\" content=\"1279\" \/>\n\t<meta property=\"og:image:type\" content=\"image\/jpeg\" \/>\n<meta name=\"twitter:card\" content=\"summary_large_image\" \/>\n<script type=\"application\/ld+json\" class=\"yoast-schema-graph\">{\"@context\":\"https:\\\/\\\/schema.org\",\"@graph\":[{\"@type\":\"WebPage\",\"@id\":\"https:\\\/\\\/pippicirkus.se\\\/sv\\\/\",\"url\":\"https:\\\/\\\/pippicirkus.se\\\/sv\\\/\",\"name\":\"Pippi P\u00e5 Cirkus - Cirkusmusikalen f\u00f6r hela familjen\",\"isPartOf\":{\"@id\":\"https:\\\/\\\/pippicirkus.se\\\/sv\\\/#website\"},\"primaryImageOfPage\":{\"@id\":\"https:\\\/\\\/pippicirkus.se\\\/sv\\\/#primaryimage\"},\"image\":{\"@id\":\"https:\\\/\\\/pippicirkus.se\\\/sv\\\/#primaryimage\"},\"thumbnailUrl\":\"https:\\\/\\\/pippicirkus.se\\\/wp-content\\\/uploads\\\/2022\\\/12\\\/keyvisual-low.jpg\",\"datePublished\":\"2022-11-02T08:40:35+00:00\",\"dateModified\":\"2023-08-21T09:22:18+00:00\",\"description\":\"Pippi p\u00e5 Cirkus \u00e4r en godisp\u00e5se fullproppad med allt som \u00e4r kul. En sprakande cirkusmusikal f\u00f6r alla barn mellan 3 och 113 \u00e5r. K\u00f6p biljett idag.\",\"breadcrumb\":{\"@id\":\"https:\\\/\\\/pippicirkus.se\\\/sv\\\/#breadcrumb\"},\"inLanguage\":\"sv-SE\",\"potentialAction\":[{\"@type\":\"ReadAction\",\"target\":[\"https:\\\/\\\/pippicirkus.se\\\/sv\\\/\"]}]},{\"@type\":\"ImageObject\",\"inLanguage\":\"sv-SE\",\"@id\":\"https:\\\/\\\/pippicirkus.se\\\/sv\\\/#primaryimage\",\"url\":\"https:\\\/\\\/pippicirkus.se\\\/wp-content\\\/uploads\\\/2022\\\/12\\\/keyvisual-low.jpg\",\"contentUrl\":\"https:\\\/\\\/pippicirkus.se\\\/wp-content\\\/uploads\\\/2022\\\/12\\\/keyvisual-low.jpg\",\"width\":2274,\"height\":1279,\"caption\":\"Pippi p\u00e5 cirkus\"},{\"@type\":\"BreadcrumbList\",\"@id\":\"https:\\\/\\\/pippicirkus.se\\\/sv\\\/#breadcrumb\",\"itemListElement\":[{\"@type\":\"ListItem\",\"position\":1,\"name\":\"Home\",\"item\":\"https:\\\/\\\/pippicirkus.se\\\/sv\\\/\"},{\"@type\":\"ListItem\",\"position\":2,\"name\":\"Start\"}]},{\"@type\":\"WebSite\",\"@id\":\"https:\\\/\\\/pippicirkus.se\\\/sv\\\/#website\",\"url\":\"https:\\\/\\\/pippicirkus.se\\\/sv\\\/\",\"name\":\"Pippi P\u00e5 Cirkus\",\"description\":\"Cirkusmusikalen f\u00f6r hela familjen av Bj\u00f6rn Ulvaeus\",\"publisher\":{\"@id\":\"https:\\\/\\\/pippicirkus.se\\\/sv\\\/#organization\"},\"potentialAction\":[{\"@type\":\"SearchAction\",\"target\":{\"@type\":\"EntryPoint\",\"urlTemplate\":\"https:\\\/\\\/pippicirkus.se\\\/sv\\\/?s={search_term_string}\"},\"query-input\":{\"@type\":\"PropertyValueSpecification\",\"valueRequired\":true,\"valueName\":\"search_term_string\"}}],\"inLanguage\":\"sv-SE\"},{\"@type\":\"Organization\",\"@id\":\"https:\\\/\\\/pippicirkus.se\\\/sv\\\/#organization\",\"name\":\"Pippi P\u00e5 Cirkus\",\"url\":\"https:\\\/\\\/pippicirkus.se\\\/sv\\\/\",\"logo\":{\"@type\":\"ImageObject\",\"inLanguage\":\"sv-SE\",\"@id\":\"https:\\\/\\\/pippicirkus.se\\\/sv\\\/#\\\/schema\\\/logo\\\/image\\\/\",\"url\":\"https:\\\/\\\/pippicirkus.se\\\/app\\\/uploads\\\/2022\\\/12\\\/frame-97-1.png\",\"contentUrl\":\"https:\\\/\\\/pippicirkus.se\\\/app\\\/uploads\\\/2022\\\/12\\\/frame-97-1.png\",\"width\":512,\"height\":512,\"caption\":\"Pippi P\u00e5 Cirkus\"},\"image\":{\"@id\":\"https:\\\/\\\/pippicirkus.se\\\/sv\\\/#\\\/schema\\\/logo\\\/image\\\/\"}}]}<\/script>\n<!-- \/ Yoast SEO plugin. -->","yoast_head_json":{"title":"Pippi P\u00e5 Cirkus - Cirkusmusikalen f\u00f6r hela familjen","description":"Pippi p\u00e5 Cirkus \u00e4r en godisp\u00e5se fullproppad med allt som \u00e4r kul. En sprakande cirkusmusikal f\u00f6r alla barn mellan 3 och 113 \u00e5r. K\u00f6p biljett idag.","robots":{"index":"index","follow":"follow","max-snippet":"max-snippet:-1","max-image-preview":"max-image-preview:large","max-video-preview":"max-video-preview:-1"},"canonical":"https:\/\/pippicirkus.se\/sv\/","og_locale":"sv_SE","og_type":"article","og_title":"Pippi P\u00e5 Cirkus - Cirkusmusikalen f\u00f6r hela familjen","og_description":"Pippi p\u00e5 Cirkus \u00e4r en godisp\u00e5se fullproppad med allt som \u00e4r kul. En sprakande cirkusmusikal f\u00f6r alla barn mellan 3 och 113 \u00e5r. K\u00f6p biljett idag.","og_url":"https:\/\/pippicirkus.se\/sv\/","og_site_name":"Pippi P\u00e5 Cirkus","article_modified_time":"2023-08-21T09:22:18+00:00","og_image":[{"width":2274,"height":1279,"url":"https:\/\/pippicirkus.se\/app\/uploads\/2022\/12\/keyvisual-low.jpg","type":"image\/jpeg"}],"twitter_card":"summary_large_image","schema":{"@context":"https:\/\/schema.org","@graph":[{"@type":"WebPage","@id":"https:\/\/pippicirkus.se\/sv\/","url":"https:\/\/pippicirkus.se\/sv\/","name":"Pippi P\u00e5 Cirkus - Cirkusmusikalen f\u00f6r hela familjen","isPartOf":{"@id":"https:\/\/pippicirkus.se\/sv\/#website"},"primaryImageOfPage":{"@id":"https:\/\/pippicirkus.se\/sv\/#primaryimage"},"image":{"@id":"https:\/\/pippicirkus.se\/sv\/#primaryimage"},"thumbnailUrl":"https:\/\/pippicirkus.se\/wp-content\/uploads\/2022\/12\/keyvisual-low.jpg","datePublished":"2022-11-02T08:40:35+00:00","dateModified":"2023-08-21T09:22:18+00:00","description":"Pippi p\u00e5 Cirkus \u00e4r en godisp\u00e5se fullproppad med allt som \u00e4r kul. En sprakande cirkusmusikal f\u00f6r alla barn mellan 3 och 113 \u00e5r. K\u00f6p biljett idag.","breadcrumb":{"@id":"https:\/\/pippicirkus.se\/sv\/#breadcrumb"},"inLanguage":"sv-SE","potentialAction":[{"@type":"ReadAction","target":["https:\/\/pippicirkus.se\/sv\/"]}]},{"@type":"ImageObject","inLanguage":"sv-SE","@id":"https:\/\/pippicirkus.se\/sv\/#primaryimage","url":"https:\/\/pippicirkus.se\/wp-content\/uploads\/2022\/12\/keyvisual-low.jpg","contentUrl":"https:\/\/pippicirkus.se\/wp-content\/uploads\/2022\/12\/keyvisual-low.jpg","width":2274,"height":1279,"caption":"Pippi p\u00e5 cirkus"},{"@type":"BreadcrumbList","@id":"https:\/\/pippicirkus.se\/sv\/#breadcrumb","itemListElement":[{"@type":"ListItem","position":1,"name":"Home","item":"https:\/\/pippicirkus.se\/sv\/"},{"@type":"ListItem","position":2,"name":"Start"}]},{"@type":"WebSite","@id":"https:\/\/pippicirkus.se\/sv\/#website","url":"https:\/\/pippicirkus.se\/sv\/","name":"Pippi P\u00e5 Cirkus","description":"Cirkusmusikalen f\u00f6r hela familjen av Bj\u00f6rn Ulvaeus","publisher":{"@id":"https:\/\/pippicirkus.se\/sv\/#organization"},"potentialAction":[{"@type":"SearchAction","target":{"@type":"EntryPoint","urlTemplate":"https:\/\/pippicirkus.se\/sv\/?s={search_term_string}"},"query-input":{"@type":"PropertyValueSpecification","valueRequired":true,"valueName":"search_term_string"}}],"inLanguage":"sv-SE"},{"@type":"Organization","@id":"https:\/\/pippicirkus.se\/sv\/#organization","name":"Pippi P\u00e5 Cirkus","url":"https:\/\/pippicirkus.se\/sv\/","logo":{"@type":"ImageObject","inLanguage":"sv-SE","@id":"https:\/\/pippicirkus.se\/sv\/#\/schema\/logo\/image\/","url":"https:\/\/pippicirkus.se\/app\/uploads\/2022\/12\/frame-97-1.png","contentUrl":"https:\/\/pippicirkus.se\/app\/uploads\/2022\/12\/frame-97-1.png","width":512,"height":512,"caption":"Pippi P\u00e5 Cirkus"},"image":{"@id":"https:\/\/pippicirkus.se\/sv\/#\/schema\/logo\/image\/"}}]}},"_links":{"self":[{"href":"https:\/\/pippicirkus.se\/sv\/wp-json\/wp\/v2\/pages\/6","targetHints":{"allow":["GET"]}}],"collection":[{"href":"https:\/\/pippicirkus.se\/sv\/wp-json\/wp\/v2\/pages"}],"about":[{"href":"https:\/\/pippicirkus.se\/sv\/wp-json\/wp\/v2\/types\/page"}],"author":[{"embeddable":true,"href":"https:\/\/pippicirkus.se\/sv\/wp-json\/wp\/v2\/users\/1"}],"replies":[{"embeddable":true,"href":"https:\/\/pippicirkus.se\/sv\/wp-json\/wp\/v2\/comments?post=6"}],"version-history":[{"count":346,"href":"https:\/\/pippicirkus.se\/sv\/wp-json\/wp\/v2\/pages\/6\/revisions"}],"predecessor-version":[{"id":1729,"href":"https:\/\/pippicirkus.se\/sv\/wp-json\/wp\/v2\/pages\/6\/revisions\/1729"}],"wp:featuredmedia":[{"embeddable":true,"href":"https:\/\/pippicirkus.se\/sv\/wp-json\/wp\/v2\/media\/374"}],"wp:attachment":[{"href":"https:\/\/pippicirkus.se\/sv\/wp-json\/wp\/v2\/media?parent=6"}],"curies":[{"name":"wp","href":"https:\/\/api.w.org\/{rel}","templated":true}]}}