{"id":3,"date":"2022-11-01T16:36:02","date_gmt":"2022-11-01T16:36:02","guid":{"rendered":"https:\/\/pippicirkus.se\/?page_id=3"},"modified":"2022-12-15T20:09:10","modified_gmt":"2022-12-15T20:09:10","slug":"integritetspolicy","status":"publish","type":"page","link":"https:\/\/pippicirkus.se\/sv\/integritetspolicy\/","title":{"rendered":"Integritetspolicy"},"content":{"rendered":"\r\n<section class=\"content white\" style=\"background-image:url(https:\/\/pippicirkus.se\/wp-content\/uploads\/2022\/11\/blue-stripes-scaled.jpg)\">\r\n  <div class=\"container\">\r\n    <div class=\"wrapper\">\r\n            <div class=\"title\">Integritetspolicy<\/div>\r\n            <div class=\"content\"><section class=\"elementor-section elementor-top-section elementor-element elementor-element-1f94bf7 elementor-section-full_width elementor-section-height-default elementor-section-height-default\" data-id=\"1f94bf7\" data-element_type=\"section\" data-settings=\"{&quot;background_background&quot;:&quot;classic&quot;,&quot;shape_divider_bottom&quot;:&quot;arrow&quot;}\">\n<div class=\"elementor-container elementor-column-gap-no\">\n<div class=\"elementor-row\">\n<div class=\"elementor-column elementor-col-100 elementor-top-column elementor-element elementor-element-6b3b8ff\" data-id=\"6b3b8ff\" data-element_type=\"column\">\n<div class=\"elementor-column-wrap elementor-element-populated\">\n<div class=\"elementor-widget-wrap\">\n<div class=\"elementor-element elementor-element-1539c44 integritetspolicy elementor-widget elementor-widget-text-editor\" data-id=\"1539c44\" data-element_type=\"widget\" data-widget_type=\"text-editor.default\">\n<div class=\"elementor-widget-container\">\n<div class=\"elementor-text-editor elementor-clearfix\">\n<p>Din integritet \u00e4r viktig f\u00f6r oss. D\u00e4rf\u00f6r har vi tagit fram denna integritetspolicy (\u201d<strong>Integritetspolicy<\/strong>\u201d) som beskriver hur vi samlar in, anv\u00e4nder, delar, \u00f6verf\u00f6r och lagrar din information. L\u00e4s igenom Integritetspolicyn f\u00f6r att bekanta dig med hur vi hanterar din integritet och kontakta oss om du har fr\u00e5gor.<\/p>\n<p>POPHOUSE ENTERTAINMENT GROUP AB , org. nr 559000-0484, M\u00e4ster Samuelsgatan 45, 111 57 Stockholm (\u201d<strong>POPHOUSE<\/strong>\u201d) och bolag som vid var tid ing\u00e5r i samma koncern som POPHOUSE (\u201d<strong>Gruppen<\/strong>\u201d eller \u201d<strong>vi<\/strong>\u201d) behandlar Personuppgifter f\u00f6r anv\u00e4ndare och kunder som anv\u00e4nder v\u00e5ra tj\u00e4nster, bor p\u00e5 v\u00e5rat hotell, g\u00e5r p\u00e5 v\u00e5ra event, k\u00f6per v\u00e5ra varor m.m. (\u201d<strong>Tj\u00e4nsterna<\/strong>\u201d).<\/p>\n<p>POPHOUSE \u00e4r personuppgiftsansvarig f\u00f6r behandling av Personuppgifter, och d\u00e4rmed ansvarig f\u00f6r behandlingen av dina Personuppgifter sker i enlighet med de principer som framg\u00e5r av lag och denna Integritetspolicy. Andra bolag inom Gruppen kan upptr\u00e4da som personuppgiftsbitr\u00e4den eller vara personuppgiftsansvariga f\u00f6r vissa Personuppgifter tillsammans med POPHOUSE.<\/p>\n<p>Med \u201dPersonuppgifter\u201d avses all information som direkt eller indirekt kan kopplas till en idag levande fysisk person. Vi \u00e4r m\u00e5na om att skydda dina Personuppgifter och behandlar dina uppgifter i enlighet dataskyddsf\u00f6rordningen (GDPR) och nationell dataskyddslagstiftning, som finns f\u00f6r att skydda privatpersoners integritet.<\/p>\n<p>Vissa sidor p\u00e5 Gruppens webbplatser inneh\u00e5ller l\u00e4nkar till webbplatser fr\u00e5n tredje part. Dessa webbplatser har egna integritetspolicyer och Gruppen \u00e4r inte ansvarig f\u00f6r deras verksamhet, inklusive men inte begr\u00e4nsat till deras informationsrutiner. Anv\u00e4ndare som skickar information till eller genom dessa tredjepartswebbplatser b\u00f6r granska integritetspolicyerna f\u00f6r webbplatserna innan n\u00e5gra Personuppgifter l\u00e4mnas till dem.<\/p>\n<p>\u00c4ndringar i denna Integritetspolicy meddelas genom att en uppdaterad Integritetspolicy publiceras p\u00e5 denna webbplats och vi rekommenderar d\u00e4rf\u00f6r att du regelbundet tar del av dessa.<\/p>\n<h4>VILKA PERSONUPPGIFTER SAMLAR VI IN<\/h4>\n<p>Det kan h\u00e4nda att vi ber dig ange Personuppgifter n\u00e4r du anv\u00e4nder v\u00e5ra Tj\u00e4nster. Gruppen och dess samarbetspartners kan dela informationen inb\u00f6rdes och anv\u00e4nda den i enlighet med denna Integritetspolicy. Du beh\u00f6ver inte tillhandah\u00e5lla de Personuppgifter vi efterfr\u00e5gar men om du v\u00e4ljer att inte g\u00f6ra det kan vi i flera fall inte tillhandah\u00e5lla dig v\u00e5ra Tj\u00e4nster.<\/p>\n<p>Vi samlar endast in Personuppgifter som \u00e4r relevanta f\u00f6r det \u00e4ndam\u00e5l som beskrivs i de s\u00e4rskilda villkoren f\u00f6r varje Tj\u00e4nst och denna Integritetspolicy som du sj\u00e4lv l\u00e4mnar till oss. N\u00e4r du anv\u00e4nder v\u00e5ra Tj\u00e4nster kan vi samla in olika typer av information, t.ex. uppgifter om namn, adress, kreditkortsuppgifter, telefonnummer, e-postadress och IP-adress.<\/p>\n<p>Ut\u00f6ver de uppgifter du sj\u00e4lv l\u00e4mnar till oss kan vi komma att inh\u00e4mta uppgifter fr\u00e5n biljettleverant\u00f6rer, resebyr\u00e5er eller andra akt\u00f6rer genom vilka du har bokat din Tj\u00e4nst.<\/p>\n<h4>HUR ANV\u00c4NDER VI DINA PERSONUPPGIFTER<\/h4>\n<p>Gruppen kan komma att anv\u00e4nda dina Personuppgifter f\u00f6r:<br \/>\n(i) att utf\u00f6ra och administrera Tj\u00e4nsterna,<br \/>\n(ii) att tillvarata dina intressen,<br \/>\n(iii) redovisnings- och fakturerings\u00e4ndam\u00e5l,<br \/>\n(iv) att kontakta dig ang\u00e5ende din bokningsstatus eller information som ansluter till din bokning,<br \/>\n(v) att utveckla och analysera verksamheten,<br \/>\n(vi) att kommunicera med dig och erbjuda Gruppens Tj\u00e4nster till dig,<br \/>\n(vii) att skicka nyhetsbrev till dig,<br \/>\n(viii) att l\u00e4mna ut uppgifter till partners vars event du bes\u00f6kt, eller<br \/>\n(ix) marknadsf\u00f6ra Gruppens Tj\u00e4nster.<\/p>\n<h4>LAGLIG GRUND F\u00d6R V\u00c5R BEHANDLING AV DINA PERSONUPPGIFTER<\/h4>\n<p>Vi behandlar uppgifterna p\u00e5 grundval av v\u00e5rt ber\u00e4ttigade intresse som akt\u00f6r vid tillhandah\u00e5llande av v\u00e5ra Tj\u00e4nster och f\u00f6r att kunna uppfylla de r\u00e4ttsliga f\u00f6rpliktelser som \u00e5ligger oss.<\/p>\n<p>Uppgifterna som behandlas i syfte att utveckla och analysera verksamheten och f\u00f6r att kommunicera med dig behandlas p\u00e5 grundval av v\u00e5rt ber\u00e4ttigade intresse att utveckla verksamheten och kommunicera med v\u00e5ra kontakter.<\/p>\n<p>Den behandling som inneb\u00e4r att vi l\u00e4mnar ut dina uppgifter till partners baseras p\u00e5 ditt samtycke som du n\u00e4rsomhelst kan \u00e5terkalla, se avsnittet \u201dDina r\u00e4ttigheter\u201d nedan.<\/p>\n<h4>MOTTAGARE SOM TAR DEL AV PERSONUPPGIFTERNA<\/h4>\n<p>Personuppgifter kan komma att \u00f6verf\u00f6ras mellan bolag inom Gruppen och till samarbetspartners f\u00f6r att behandlas f\u00f6r de \u00e4ndam\u00e5l som framg\u00e5r av denna Intergritetspolicy. Gruppen anv\u00e4nder underleverant\u00f6rer f\u00f6r t.ex. datordrift och Personuppgifter kan d\u00e4rf\u00f6r komma att \u00f6verf\u00f6ras till dessa underleverant\u00f6rer. V\u00e5ra underleverant\u00f6rer behandlar dina Personuppgifter endast f\u00f6r Gruppens r\u00e4kning, i enlighet med v\u00e5ra instruktioner och endast efter att de undertecknat ett personuppgiftsbitr\u00e4desavtal enligt till\u00e4mplig lag, f\u00f6r att vi ska kunna s\u00e4kerst\u00e4lla en h\u00f6g skyddsniv\u00e5 f\u00f6r dina Personuppgifter. Gruppen kan komma att l\u00e4mna ut Personuppgifter till tredje man om Gruppen \u00e4r skyldig att l\u00e4mna ut s\u00e5dan uppgift med st\u00f6d av lag eller myndighetsbeslut.<\/p>\n<h4>\u00d6VERF\u00d6RING AV PERSONUPPGIFTER TILL TREDJE LAND<\/h4>\n<p>Gruppen kan komma att \u00f6verf\u00f6ra uppgifter till samarbetspartners och underleverant\u00f6rer utanf\u00f6r EU\/EES. F\u00f6r att s\u00e4kerst\u00e4lla en h\u00f6g niv\u00e5 av skydd f\u00f6r dina Personuppgifter i s\u00e5dana situationer och efterlevnad av EU\/EES-regler ing\u00e5r aktuellt bolag i Gruppen personuppgiftsbitr\u00e4desavtal med s\u00e5dana parter. S\u00e5dana personuppgiftsbitr\u00e4desavtal reglerar dessa parters behandling av Personuppgifterna och, n\u00e4r det \u00e4r till\u00e4mpligt, \u00f6verf\u00f6ring av Personuppgifter i enlighet med g\u00e4llande EU\/EES regler om skydd f\u00f6r Personuppgifter. Avtalen inneh\u00e5ller villkor som EU-kommissionen kr\u00e4ver och som uppfyller de krav till\u00e4mplig lag st\u00e4ller f\u00f6r att skydda de \u00f6verf\u00f6rda Personuppgifterna.<\/p>\n<h4>SKYDDANDE OCH GALLRING AV PERSONUPPGIFTER<\/h4>\n<p>Gruppen har interna rutiner f\u00f6r IT- och informationss\u00e4kerhet och vidtar l\u00e4mpliga tekniska och organisatoriska \u00e5tg\u00e4rder f\u00f6r att skydda dina Personuppgifter mot t.ex. f\u00f6rlust, manipulation eller obeh\u00f6rig \u00e5tkomst.<br \/>\nVi behandlar dina Personuppgifter under den tid som behandlingen \u00e4r n\u00f6dv\u00e4ndig f\u00f6r att uppfylla de \u00e4ndam\u00e5l f\u00f6r vilka uppgifterna samlats in och\/eller vi har en r\u00e4ttslig f\u00f6rpliktelse att bevara Personuppgifterna. Om du avanm\u00e4ler dig fr\u00e5n nyhetsbrev eller liknande kommer uppgifterna omedelbart att raderas.<\/p>\n<h4>DINA R\u00c4TTIGHETER<\/h4>\n<p><em>R\u00e4tt till information:<\/em>\u00a0Du har r\u00e4tt att kostnadsfritt f\u00e5 information om v\u00e5r behandling av dina Personuppgifter. Beg\u00e4ran om utdrag ska g\u00f6ras skriftligen till Gruppens dataskyddsombud p\u00e5 den adress som framg\u00e5r nedan och ska vara egenh\u00e4ndigt undertecknad av dig samt inneh\u00e5lla uppgift om ditt namn, postadress, telefonnummer, e-postadress (som anv\u00e4nts i kommunikation med Gruppen). Utdraget s\u00e4nds till din folkbokf\u00f6ringsadress inom en m\u00e5nad fr\u00e5n det att ans\u00f6kan inkommit till dataskyddsombudet.<\/p>\n<p><em>R\u00e4tt till r\u00e4ttelse:<\/em>\u00a0Vi str\u00e4var efter att de Personuppgifter som vi behandlar om dig \u00e4r korrekta och relevanta f\u00f6r det \u00e4ndam\u00e5l som behandlingen sker. Du har r\u00e4tt att v\u00e4nda dig till Gruppens dataskyddsombud f\u00f6r att be oss att r\u00e4tta felaktiga uppgifter om dig som behandlas av oss. Du kan \u00e4ven beg\u00e4ra ut information om till vem vi har l\u00e4mnat ut dina Personuppgifter. Gruppen ansvarar inte f\u00f6r problem som uppst\u00e5r som en f\u00f6ljd av att Personuppgifter \u00e4r gamla eller felaktiga om du underl\u00e5tit att informera oss om \u00e4ndringen. Respektive bolag inom Gruppen kommer att, p\u00e5 din beg\u00e4ran eller n\u00e4r bolaget uppt\u00e4cker det, korrigera eller radera felaktig eller ofullst\u00e4ndig information.<\/p>\n<p><em>R\u00e4tt till radering:<\/em>\u00a0Vi har en skyldighet att radera dina Personuppgifter (i) om de inte l\u00e4ngre beh\u00f6vs f\u00f6r det\/de \u00e4ndam\u00e5l som de samlades in, (ii) om behandlingen av dem endast grundar sig p\u00e5 sitt samtycke och du \u00e5terkallar det, eller (iii) om behandlingen sker f\u00f6r direktmarknadsf\u00f6ring.<\/p>\n<p><strong>Observera att du n\u00e4r som helst kan \u00e5terkalla ditt samtycke till ytterligare behandling (ej retroaktivt) av dina Personuppgifter genom att kontakta dataskyddsombudet p\u00e5 adressen nedan, varp\u00e5 Gruppen kommer att f\u00f6rhindra s\u00e5dan information fr\u00e5n att forts\u00e4tta behandlas.<br \/>\n<\/strong><br \/>\nDu g\u00f6rs dock uppm\u00e4rksam p\u00e5 att \u00e5terkallande av samtycke inte p\u00e5verkar behandling som f\u00e5r g\u00f6ras utan samtycke (t.ex. den behandling som sker f\u00f6r att kunna tillhandah\u00e5lla Tj\u00e4nsterna) men kan leda till att Tj\u00e4nsterna inte fungerar som avsett eller att Gruppen inte l\u00e4ngre kan tillhandah\u00e5lla Tj\u00e4nsterna.<\/p>\n<p><em>R\u00e4tt till begr\u00e4nsning av behandling:<\/em>\u00a0Du kan i vissa fall beg\u00e4ra att v\u00e5r behandling av dina Personuppgifter begr\u00e4nsas till vissa avgr\u00e4nsade syften. Det kan du t.ex. g\u00f6ra n\u00e4r du anser att uppgifterna \u00e4r felaktiga och har beg\u00e4rt r\u00e4ttelse.<\/p>\n<p><em>R\u00e4tt till dataportabilitet:<\/em>\u00a0Vi kan hj\u00e4lpa dig att flytta \u00f6ver Personuppgifter som du har l\u00e4mnat till oss en annan leverant\u00f6r av tj\u00e4nster. En f\u00f6ruts\u00e4ttning \u00e4r att den som tar emot uppgifterna behandlar dem med st\u00f6d av ett samtycke fr\u00e5n dig eller f\u00f6r att uppfylla ett avtal med dig. R\u00e4tten g\u00e4ller bara i f\u00f6rh\u00e5llande till s\u00e5dana Personuppgifter som du sj\u00e4lv har l\u00e4mnat till oss.<\/p>\n<p><em>R\u00e4tt att g\u00f6ra inv\u00e4ndningar:<\/em>\u00a0Du har r\u00e4tt att n\u00e4r som helst inv\u00e4nda mot behandling av dina Personuppgifter f\u00f6r marknadsf\u00f6ring.<br \/>\nKlagom\u00e5l till Datainspektionen: Om du anser att vi behandlar uppgifter om dig i strid med dataskyddsf\u00f6rordningen kan du l\u00e4mna in ett klagom\u00e5l till en tillsynsmyndighet d\u00e4r du bor eller arbetar. I Sverige \u00e4r det Datainspektionen som \u00e4r tillsynsmyndighet.<\/p>\n<p><em>R\u00e4tt till skadest\u00e5nd:<\/em>\u00a0Om du har lidit skada p\u00e5 grund av att vi har behandlat dina Personuppgifter i strid med dataskyddsf\u00f6rordningen kan du ha r\u00e4tt till skadest\u00e5nd.<\/p>\n<h4>COOKIES<\/h4>\n<p>N\u00e4r du bes\u00f6ker v\u00e5r webbplats kan vi komma att skicka, och lagra en cookie p\u00e5 din dator, surfplatta eller mobiltelefon. Denna cookie m\u00f6jligg\u00f6r att webbplatsen eller webbservern kan samla och spara specifik, men begr\u00e4nsad, information fr\u00e5n webbl\u00e4saren om hur du anv\u00e4nder den och f\u00f6rb\u00e4ttrar din anv\u00e4ndarupplevelse. Vi kan \u00e4ven komma att samla information om din IP-adress, operativsystem, vilken s\u00f6kmotor du anv\u00e4nder f\u00f6r statistiska och administrativa \u00e4ndam\u00e5l. Informationen som vi inh\u00e4mtar genom ditt bes\u00f6k p\u00e5 v\u00e5r hemsida \u00e4r generellt anonymiserad och kan inte h\u00e4rledas till en specifik person. Information om hur Gruppen anv\u00e4nder cookies, vad de anv\u00e4nds till och hur du kan undvika dem framg\u00e5r av Gruppens vid var tid g\u00e4llande Cookie Policy. L\u00e4s v\u00e5r Cookie-policy\u00a0<a href=\"https:\/\/pophouse.se\/sv\/cookies\/\" target=\"_blank\" rel=\"noopener\">h\u00e4r<\/a>.<\/p>\n<h4>\u00d6VERL\u00c5TELSE<\/h4>\n<p>Om vi s\u00e4ljer, omorganiserar eller p\u00e5 annat s\u00e4tt \u00f6verl\u00e5ter hela eller delar av v\u00e5r verksamhet kan dina Personuppgifter komma att \u00f6verl\u00e5tas samtidigt.<\/p>\n<h4>FR\u00c5GOR OM INTEGRITET<\/h4>\n<p>Om du har fr\u00e5gor eller funderingar kring Gruppens Integritetspolicy eller databehandling eller skulle vilja framf\u00f6ra klagom\u00e5l om ett eventuellt brott mot lagar och regler om integritet kan du v\u00e4nda dig till v\u00e5rt dataskyddsombud enligt nedan adress.<\/p>\n<h4>KONTAKTUPPGIFTER DATASKYDDSOMBUD<\/h4>\n<p>Namn: Antonia Ahrnell<br \/>\nE-post: DPO@pophouse.se<br \/>\nPostadress: M\u00e4ster Samuelsgatan 45, 111 57 Stockholm<\/p>\n<\/div>\n<\/div>\n<\/div>\n<\/div>\n<\/div>\n<\/div>\n<\/div>\n<\/div>\n<\/section>\n<section class=\"elementor-section elementor-top-section elementor-element elementor-element-c13c4f5 elementor-section-full_width elementor-section-height-default elementor-section-height-default\" data-id=\"c13c4f5\" data-element_type=\"section\" data-settings=\"{&quot;background_background&quot;:&quot;classic&quot;,&quot;shape_divider_bottom&quot;:&quot;waves&quot;}\">\n<div class=\"elementor-shape elementor-shape-bottom\" data-negative=\"false\"><\/div>\n<div class=\"elementor-container elementor-column-gap-default\">\n<div class=\"elementor-row\">\n<div class=\"elementor-column elementor-col-100 elementor-top-column elementor-element elementor-element-fce31f5\" data-id=\"fce31f5\" data-element_type=\"column\">\n<div class=\"elementor-column-wrap elementor-element-populated\">\n<div class=\"elementor-widget-wrap\">\n<div class=\"elementor-element elementor-element-a386c08 elementor-widget elementor-widget-spacer\" data-id=\"a386c08\" data-element_type=\"widget\" data-widget_type=\"spacer.default\">\n<div class=\"elementor-widget-container\">\n<div class=\"elementor-spacer\"><\/div>\n<\/div>\n<\/div>\n<\/div>\n<\/div>\n<\/div>\n<\/div>\n<\/div>\n<\/section>\n<\/div>\r\n          <\/div>\r\n  <\/div>\r\n<\/section>\r\n","protected":false},"excerpt":{"rendered":"","protected":false},"author":1,"featured_media":0,"parent":0,"menu_order":0,"comment_status":"closed","ping_status":"closed","template":"","meta":{"_acf_changed":false,"inline_featured_image":false,"footnotes":""},"class_list":["post-3","page","type-page","status-publish","hentry"],"acf":[],"yoast_head":"<!-- This site is optimized with the Yoast SEO plugin v27.3 - https:\/\/yoast.com\/product\/yoast-seo-wordpress\/ -->\n<title>Integritetspolicy - Pippi P\u00e5 Cirkus<\/title>\n<meta name=\"robots\" content=\"index, follow, max-snippet:-1, max-image-preview:large, max-video-preview:-1\" \/>\n<link rel=\"canonical\" href=\"https:\/\/pippicirkus.se\/sv\/integritetspolicy\/\" \/>\n<meta property=\"og:locale\" content=\"sv_SE\" \/>\n<meta property=\"og:type\" content=\"article\" \/>\n<meta property=\"og:title\" content=\"Integritetspolicy - Pippi P\u00e5 Cirkus\" \/>\n<meta property=\"og:url\" content=\"https:\/\/pippicirkus.se\/sv\/integritetspolicy\/\" \/>\n<meta property=\"og:site_name\" content=\"Pippi P\u00e5 Cirkus\" \/>\n<meta property=\"article:modified_time\" content=\"2022-12-15T20:09:10+00:00\" \/>\n<meta name=\"twitter:card\" content=\"summary_large_image\" \/>\n<script type=\"application\/ld+json\" class=\"yoast-schema-graph\">{\"@context\":\"https:\\\/\\\/schema.org\",\"@graph\":[{\"@type\":\"WebPage\",\"@id\":\"https:\\\/\\\/pippicirkus.se\\\/sv\\\/integritetspolicy\\\/\",\"url\":\"https:\\\/\\\/pippicirkus.se\\\/sv\\\/integritetspolicy\\\/\",\"name\":\"Integritetspolicy - Pippi P\u00e5 Cirkus\",\"isPartOf\":{\"@id\":\"https:\\\/\\\/pippicirkus.se\\\/sv\\\/#website\"},\"datePublished\":\"2022-11-01T16:36:02+00:00\",\"dateModified\":\"2022-12-15T20:09:10+00:00\",\"breadcrumb\":{\"@id\":\"https:\\\/\\\/pippicirkus.se\\\/sv\\\/integritetspolicy\\\/#breadcrumb\"},\"inLanguage\":\"sv-SE\",\"potentialAction\":[{\"@type\":\"ReadAction\",\"target\":[\"https:\\\/\\\/pippicirkus.se\\\/sv\\\/integritetspolicy\\\/\"]}]},{\"@type\":\"BreadcrumbList\",\"@id\":\"https:\\\/\\\/pippicirkus.se\\\/sv\\\/integritetspolicy\\\/#breadcrumb\",\"itemListElement\":[{\"@type\":\"ListItem\",\"position\":1,\"name\":\"Home\",\"item\":\"https:\\\/\\\/pippicirkus.se\\\/sv\\\/\"},{\"@type\":\"ListItem\",\"position\":2,\"name\":\"Integritetspolicy\"}]},{\"@type\":\"WebSite\",\"@id\":\"https:\\\/\\\/pippicirkus.se\\\/sv\\\/#website\",\"url\":\"https:\\\/\\\/pippicirkus.se\\\/sv\\\/\",\"name\":\"Pippi P\u00e5 Cirkus\",\"description\":\"Cirkusmusikalen f\u00f6r hela familjen av Bj\u00f6rn Ulvaeus\",\"publisher\":{\"@id\":\"https:\\\/\\\/pippicirkus.se\\\/sv\\\/#organization\"},\"potentialAction\":[{\"@type\":\"SearchAction\",\"target\":{\"@type\":\"EntryPoint\",\"urlTemplate\":\"https:\\\/\\\/pippicirkus.se\\\/sv\\\/?s={search_term_string}\"},\"query-input\":{\"@type\":\"PropertyValueSpecification\",\"valueRequired\":true,\"valueName\":\"search_term_string\"}}],\"inLanguage\":\"sv-SE\"},{\"@type\":\"Organization\",\"@id\":\"https:\\\/\\\/pippicirkus.se\\\/sv\\\/#organization\",\"name\":\"Pippi P\u00e5 Cirkus\",\"url\":\"https:\\\/\\\/pippicirkus.se\\\/sv\\\/\",\"logo\":{\"@type\":\"ImageObject\",\"inLanguage\":\"sv-SE\",\"@id\":\"https:\\\/\\\/pippicirkus.se\\\/sv\\\/#\\\/schema\\\/logo\\\/image\\\/\",\"url\":\"https:\\\/\\\/pippicirkus.se\\\/app\\\/uploads\\\/2022\\\/12\\\/frame-97-1.png\",\"contentUrl\":\"https:\\\/\\\/pippicirkus.se\\\/app\\\/uploads\\\/2022\\\/12\\\/frame-97-1.png\",\"width\":512,\"height\":512,\"caption\":\"Pippi P\u00e5 Cirkus\"},\"image\":{\"@id\":\"https:\\\/\\\/pippicirkus.se\\\/sv\\\/#\\\/schema\\\/logo\\\/image\\\/\"}}]}<\/script>\n<!-- \/ Yoast SEO plugin. -->","yoast_head_json":{"title":"Integritetspolicy - Pippi P\u00e5 Cirkus","robots":{"index":"index","follow":"follow","max-snippet":"max-snippet:-1","max-image-preview":"max-image-preview:large","max-video-preview":"max-video-preview:-1"},"canonical":"https:\/\/pippicirkus.se\/sv\/integritetspolicy\/","og_locale":"sv_SE","og_type":"article","og_title":"Integritetspolicy - Pippi P\u00e5 Cirkus","og_url":"https:\/\/pippicirkus.se\/sv\/integritetspolicy\/","og_site_name":"Pippi P\u00e5 Cirkus","article_modified_time":"2022-12-15T20:09:10+00:00","twitter_card":"summary_large_image","schema":{"@context":"https:\/\/schema.org","@graph":[{"@type":"WebPage","@id":"https:\/\/pippicirkus.se\/sv\/integritetspolicy\/","url":"https:\/\/pippicirkus.se\/sv\/integritetspolicy\/","name":"Integritetspolicy - Pippi P\u00e5 Cirkus","isPartOf":{"@id":"https:\/\/pippicirkus.se\/sv\/#website"},"datePublished":"2022-11-01T16:36:02+00:00","dateModified":"2022-12-15T20:09:10+00:00","breadcrumb":{"@id":"https:\/\/pippicirkus.se\/sv\/integritetspolicy\/#breadcrumb"},"inLanguage":"sv-SE","potentialAction":[{"@type":"ReadAction","target":["https:\/\/pippicirkus.se\/sv\/integritetspolicy\/"]}]},{"@type":"BreadcrumbList","@id":"https:\/\/pippicirkus.se\/sv\/integritetspolicy\/#breadcrumb","itemListElement":[{"@type":"ListItem","position":1,"name":"Home","item":"https:\/\/pippicirkus.se\/sv\/"},{"@type":"ListItem","position":2,"name":"Integritetspolicy"}]},{"@type":"WebSite","@id":"https:\/\/pippicirkus.se\/sv\/#website","url":"https:\/\/pippicirkus.se\/sv\/","name":"Pippi P\u00e5 Cirkus","description":"Cirkusmusikalen f\u00f6r hela familjen av Bj\u00f6rn Ulvaeus","publisher":{"@id":"https:\/\/pippicirkus.se\/sv\/#organization"},"potentialAction":[{"@type":"SearchAction","target":{"@type":"EntryPoint","urlTemplate":"https:\/\/pippicirkus.se\/sv\/?s={search_term_string}"},"query-input":{"@type":"PropertyValueSpecification","valueRequired":true,"valueName":"search_term_string"}}],"inLanguage":"sv-SE"},{"@type":"Organization","@id":"https:\/\/pippicirkus.se\/sv\/#organization","name":"Pippi P\u00e5 Cirkus","url":"https:\/\/pippicirkus.se\/sv\/","logo":{"@type":"ImageObject","inLanguage":"sv-SE","@id":"https:\/\/pippicirkus.se\/sv\/#\/schema\/logo\/image\/","url":"https:\/\/pippicirkus.se\/app\/uploads\/2022\/12\/frame-97-1.png","contentUrl":"https:\/\/pippicirkus.se\/app\/uploads\/2022\/12\/frame-97-1.png","width":512,"height":512,"caption":"Pippi P\u00e5 Cirkus"},"image":{"@id":"https:\/\/pippicirkus.se\/sv\/#\/schema\/logo\/image\/"}}]}},"_links":{"self":[{"href":"https:\/\/pippicirkus.se\/sv\/wp-json\/wp\/v2\/pages\/3","targetHints":{"allow":["GET"]}}],"collection":[{"href":"https:\/\/pippicirkus.se\/sv\/wp-json\/wp\/v2\/pages"}],"about":[{"href":"https:\/\/pippicirkus.se\/sv\/wp-json\/wp\/v2\/types\/page"}],"author":[{"embeddable":true,"href":"https:\/\/pippicirkus.se\/sv\/wp-json\/wp\/v2\/users\/1"}],"replies":[{"embeddable":true,"href":"https:\/\/pippicirkus.se\/sv\/wp-json\/wp\/v2\/comments?post=3"}],"version-history":[{"count":7,"href":"https:\/\/pippicirkus.se\/sv\/wp-json\/wp\/v2\/pages\/3\/revisions"}],"predecessor-version":[{"id":507,"href":"https:\/\/pippicirkus.se\/sv\/wp-json\/wp\/v2\/pages\/3\/revisions\/507"}],"wp:attachment":[{"href":"https:\/\/pippicirkus.se\/sv\/wp-json\/wp\/v2\/media?parent=3"}],"curies":[{"name":"wp","href":"https:\/\/api.w.org\/{rel}","templated":true}]}}