{"id":115,"date":"2022-11-03T16:22:41","date_gmt":"2022-11-03T16:22:41","guid":{"rendered":"https:\/\/pippicirkus.se\/?page_id=115"},"modified":"2023-01-16T19:59:11","modified_gmt":"2023-01-16T18:59:11","slug":"kontaktpress","status":"publish","type":"page","link":"https:\/\/pippicirkus.se\/sv\/kontaktpress\/","title":{"rendered":"Kontakt &#038; Press"},"content":{"rendered":"\r\n<section class=\"content yellow\" style=\"background-image:url(https:\/\/pippicirkus.se\/wp-content\/uploads\/2022\/11\/stripes-scaled.jpg)\">\r\n  <div class=\"container\">\r\n    <div class=\"wrapper\">\r\n            <div class=\"title\">KONTAKT<\/div>\r\n            <div class=\"content\"><div class=\"elementor-element elementor-element-ed3684b elementor-widget elementor-widget-heading\" data-id=\"ed3684b\" data-element_type=\"widget\" data-widget_type=\"heading.default\">\n<div class=\"elementor-widget-container\">\n<h2>Fr\u00e5gor och hj\u00e4lp med bokningar<\/h2>\n<p>&nbsp;<\/p>\n<h3 class=\"elementor-heading-title elementor-size-default\">Bokning<\/h3>\n<\/div>\n<\/div>\n<div class=\"elementor-element elementor-element-99022c9 elementor-widget elementor-widget-text-editor\" data-id=\"99022c9\" data-element_type=\"widget\" data-widget_type=\"text-editor.default\">\n<div class=\"elementor-widget-container\">\n<div class=\"elementor-text-editor elementor-clearfix\">\n<p>F\u00f6r hj\u00e4lp med bokning eller f\u00f6r personlig service, kontakta<\/p>\n<p><strong>Ticketmaster<\/strong><br \/>\nm\u00e5n-fre kl. 10.00 \u2013 16.00<br \/>\n<strong>Tel:<\/strong>\u00a0077-170 70 70<br \/>\n<strong>E-post:<\/strong>\u00a0biljettkassan@cirkus.se<\/p>\n<p>&nbsp;<\/p>\n<\/div>\n<\/div>\n<\/div>\n<div class=\"elementor-element elementor-element-8f0017a elementor-widget elementor-widget-heading\" data-id=\"8f0017a\" data-element_type=\"widget\" data-widget_type=\"heading.default\">\n<div class=\"elementor-widget-container\">\n<h3 class=\"elementor-heading-title elementor-size-default\">Grupp- och f\u00f6retagsbokning<\/h3>\n<\/div>\n<\/div>\n<div class=\"elementor-element elementor-element-5096c93 elementor-widget elementor-widget-text-editor\" data-id=\"5096c93\" data-element_type=\"widget\" data-widget_type=\"text-editor.default\">\n<div class=\"elementor-widget-container\">\n<div class=\"elementor-text-editor elementor-clearfix\">\n<p>Vill du g\u00f6ra en gruppbokning f\u00f6r minst 15 personer?<br \/>\nMaila eller ring oss!<\/p>\n<p><strong>Tel:<\/strong>\u00a008-587 987 16<br \/>\n<strong>E-post:<\/strong>\u00a0biljettkassan@cirkus.se<\/p>\n<p>&nbsp;<\/p>\n<\/div>\n<\/div>\n<\/div>\n<div class=\"elementor-element elementor-element-9b02700 elementor-widget elementor-widget-heading\" data-id=\"9b02700\" data-element_type=\"widget\" data-widget_type=\"heading.default\">\n<div class=\"elementor-widget-container\">\n<h3 class=\"elementor-heading-title elementor-size-default\">Boende och biljettpaket<\/h3>\n<\/div>\n<\/div>\n<div class=\"elementor-element elementor-element-3e67502 elementor-widget elementor-widget-text-editor\" data-id=\"3e67502\" data-element_type=\"widget\" data-widget_type=\"text-editor.default\">\n<div class=\"elementor-widget-container\">\n<p>H\u00e4r hittar du tips p\u00e5 boende och biljettpaket via v\u00e5ra samarbetspartners. L\u00e4s nedan f\u00f6r f\u00f6rm\u00e5nliga priser och paketl\u00f6sningar p\u00e5 n\u00e5gra av Stockholms b\u00e4sta hotell.<\/p>\n<p class=\"elementor-text-editor elementor-clearfix\"><a href=\"https:\/\/backstagehotelsthlm.com\/\">Backstage Hotel<\/a><\/p>\n<p class=\"elementor-text-editor elementor-clearfix\"><a href=\"https:\/\/hasselbacken.com\/sv\/erbjudanden\/\" target=\"_blank\" rel=\"noopener\">Hotell Hasselbacken<\/a><\/p>\n<p class=\"elementor-text-editor elementor-clearfix\"><a href=\"https:\/\/www.nordicchoicehotels.se\/paket\/pippi-pa-cirkus\" target=\"_blank\" rel=\"noopener\">Nordic Choice Hotels<\/a><\/p>\n<\/div>\n<\/div>\n<p>&nbsp;<\/p>\n<\/div>\r\n          <\/div>\r\n  <\/div>\r\n<\/section>\r\n\n\n\r\n<section class=\"content yellow\" style=\"background-image:url(https:\/\/pippicirkus.se\/wp-content\/uploads\/2022\/12\/ppc-pattern-purple-1920x1080-1.jpg)\">\r\n  <div class=\"container\">\r\n    <div class=\"wrapper\">\r\n            <div class=\"content\"><div class=\"elementor-element elementor-element-0d2d2cf elementor-widget elementor-widget-heading\" data-id=\"0d2d2cf\" data-element_type=\"widget\" data-widget_type=\"heading.default\">\n<div class=\"elementor-widget-container\">\n<h2>Samarbeten och press<\/h2>\n<h3 class=\"elementor-heading-title elementor-size-default\">Marknad<\/h3>\n<\/div>\n<\/div>\n<div class=\"elementor-element elementor-element-8670360 elementor-widget elementor-widget-text-editor\" data-id=\"8670360\" data-element_type=\"widget\" data-widget_type=\"text-editor.default\">\n<div class=\"elementor-widget-container\">\n<div class=\"elementor-text-editor elementor-clearfix\">\n<p>Vill du komma i kontakt f\u00f6r oss kring marknadsfr\u00e5gor eller samarbeten?<\/p>\n<p><strong>Lisa Wadell<\/strong><br \/>\nE-post:\u00a0<a href=\"mailto:lisa@krall.se\">lisa@krall.se<\/a><\/p>\n<\/div>\n<\/div>\n<\/div>\n<p>&nbsp;<\/p>\n<p>&nbsp;<\/p>\n<div class=\"elementor-element elementor-element-52a4670 elementor-widget elementor-widget-heading\" data-id=\"52a4670\" data-element_type=\"widget\" data-widget_type=\"heading.default\">\n<div class=\"elementor-widget-container\">\n<h3 class=\"elementor-heading-title elementor-size-default\">Presskontakt<\/h3>\n<\/div>\n<\/div>\n<div class=\"elementor-element elementor-element-60d50d3 elementor-widget elementor-widget-text-editor\" data-id=\"60d50d3\" data-element_type=\"widget\" data-widget_type=\"text-editor.default\">\n<div class=\"elementor-widget-container\">\n<div class=\"elementor-text-editor elementor-clearfix\">\n<p>F\u00f6r intervjuf\u00f6rfr\u00e5gningar och pressbilder, v\u00e4nligen kontakta:<\/p>\n<p><strong>Sofie Nelson<\/strong><br \/>\nE-post:\u00a0<a href=\"mailto:sofie.nelson@pophouse.se\">sofie.nelson@pophouse.se<\/a><\/p>\n<\/div>\n<\/div>\n<\/div>\n<\/div>\r\n          <\/div>\r\n  <\/div>\r\n<\/section>\r\n","protected":false},"excerpt":{"rendered":"","protected":false},"author":1,"featured_media":0,"parent":0,"menu_order":0,"comment_status":"closed","ping_status":"closed","template":"","meta":{"_acf_changed":false,"inline_featured_image":false,"footnotes":""},"class_list":["post-115","page","type-page","status-publish","hentry"],"acf":[],"yoast_head":"<!-- This site is optimized with the Yoast SEO plugin v27.3 - https:\/\/yoast.com\/product\/yoast-seo-wordpress\/ -->\n<title>Kontakt &amp; Press - Pippi P\u00e5 Cirkus<\/title>\n<meta name=\"robots\" content=\"index, follow, max-snippet:-1, max-image-preview:large, max-video-preview:-1\" \/>\n<link rel=\"canonical\" href=\"https:\/\/pippicirkus.se\/sv\/kontaktpress\/\" \/>\n<meta property=\"og:locale\" content=\"sv_SE\" \/>\n<meta property=\"og:type\" content=\"article\" \/>\n<meta property=\"og:title\" content=\"Kontakt &amp; Press - Pippi P\u00e5 Cirkus\" \/>\n<meta property=\"og:url\" content=\"https:\/\/pippicirkus.se\/sv\/kontaktpress\/\" \/>\n<meta property=\"og:site_name\" content=\"Pippi P\u00e5 Cirkus\" \/>\n<meta property=\"article:modified_time\" content=\"2023-01-16T18:59:11+00:00\" \/>\n<meta name=\"twitter:card\" content=\"summary_large_image\" \/>\n<script type=\"application\/ld+json\" class=\"yoast-schema-graph\">{\"@context\":\"https:\\\/\\\/schema.org\",\"@graph\":[{\"@type\":\"WebPage\",\"@id\":\"https:\\\/\\\/pippicirkus.se\\\/sv\\\/kontaktpress\\\/\",\"url\":\"https:\\\/\\\/pippicirkus.se\\\/sv\\\/kontaktpress\\\/\",\"name\":\"Kontakt & Press - Pippi P\u00e5 Cirkus\",\"isPartOf\":{\"@id\":\"https:\\\/\\\/pippicirkus.se\\\/sv\\\/#website\"},\"datePublished\":\"2022-11-03T16:22:41+00:00\",\"dateModified\":\"2023-01-16T18:59:11+00:00\",\"breadcrumb\":{\"@id\":\"https:\\\/\\\/pippicirkus.se\\\/sv\\\/kontaktpress\\\/#breadcrumb\"},\"inLanguage\":\"sv-SE\",\"potentialAction\":[{\"@type\":\"ReadAction\",\"target\":[\"https:\\\/\\\/pippicirkus.se\\\/sv\\\/kontaktpress\\\/\"]}]},{\"@type\":\"BreadcrumbList\",\"@id\":\"https:\\\/\\\/pippicirkus.se\\\/sv\\\/kontaktpress\\\/#breadcrumb\",\"itemListElement\":[{\"@type\":\"ListItem\",\"position\":1,\"name\":\"Home\",\"item\":\"https:\\\/\\\/pippicirkus.se\\\/sv\\\/\"},{\"@type\":\"ListItem\",\"position\":2,\"name\":\"Kontakt &#038; Press\"}]},{\"@type\":\"WebSite\",\"@id\":\"https:\\\/\\\/pippicirkus.se\\\/sv\\\/#website\",\"url\":\"https:\\\/\\\/pippicirkus.se\\\/sv\\\/\",\"name\":\"Pippi P\u00e5 Cirkus\",\"description\":\"Cirkusmusikalen f\u00f6r hela familjen av Bj\u00f6rn Ulvaeus\",\"publisher\":{\"@id\":\"https:\\\/\\\/pippicirkus.se\\\/sv\\\/#organization\"},\"potentialAction\":[{\"@type\":\"SearchAction\",\"target\":{\"@type\":\"EntryPoint\",\"urlTemplate\":\"https:\\\/\\\/pippicirkus.se\\\/sv\\\/?s={search_term_string}\"},\"query-input\":{\"@type\":\"PropertyValueSpecification\",\"valueRequired\":true,\"valueName\":\"search_term_string\"}}],\"inLanguage\":\"sv-SE\"},{\"@type\":\"Organization\",\"@id\":\"https:\\\/\\\/pippicirkus.se\\\/sv\\\/#organization\",\"name\":\"Pippi P\u00e5 Cirkus\",\"url\":\"https:\\\/\\\/pippicirkus.se\\\/sv\\\/\",\"logo\":{\"@type\":\"ImageObject\",\"inLanguage\":\"sv-SE\",\"@id\":\"https:\\\/\\\/pippicirkus.se\\\/sv\\\/#\\\/schema\\\/logo\\\/image\\\/\",\"url\":\"https:\\\/\\\/pippicirkus.se\\\/app\\\/uploads\\\/2022\\\/12\\\/frame-97-1.png\",\"contentUrl\":\"https:\\\/\\\/pippicirkus.se\\\/app\\\/uploads\\\/2022\\\/12\\\/frame-97-1.png\",\"width\":512,\"height\":512,\"caption\":\"Pippi P\u00e5 Cirkus\"},\"image\":{\"@id\":\"https:\\\/\\\/pippicirkus.se\\\/sv\\\/#\\\/schema\\\/logo\\\/image\\\/\"}}]}<\/script>\n<!-- \/ Yoast SEO plugin. -->","yoast_head_json":{"title":"Kontakt & Press - Pippi P\u00e5 Cirkus","robots":{"index":"index","follow":"follow","max-snippet":"max-snippet:-1","max-image-preview":"max-image-preview:large","max-video-preview":"max-video-preview:-1"},"canonical":"https:\/\/pippicirkus.se\/sv\/kontaktpress\/","og_locale":"sv_SE","og_type":"article","og_title":"Kontakt & Press - Pippi P\u00e5 Cirkus","og_url":"https:\/\/pippicirkus.se\/sv\/kontaktpress\/","og_site_name":"Pippi P\u00e5 Cirkus","article_modified_time":"2023-01-16T18:59:11+00:00","twitter_card":"summary_large_image","schema":{"@context":"https:\/\/schema.org","@graph":[{"@type":"WebPage","@id":"https:\/\/pippicirkus.se\/sv\/kontaktpress\/","url":"https:\/\/pippicirkus.se\/sv\/kontaktpress\/","name":"Kontakt & Press - Pippi P\u00e5 Cirkus","isPartOf":{"@id":"https:\/\/pippicirkus.se\/sv\/#website"},"datePublished":"2022-11-03T16:22:41+00:00","dateModified":"2023-01-16T18:59:11+00:00","breadcrumb":{"@id":"https:\/\/pippicirkus.se\/sv\/kontaktpress\/#breadcrumb"},"inLanguage":"sv-SE","potentialAction":[{"@type":"ReadAction","target":["https:\/\/pippicirkus.se\/sv\/kontaktpress\/"]}]},{"@type":"BreadcrumbList","@id":"https:\/\/pippicirkus.se\/sv\/kontaktpress\/#breadcrumb","itemListElement":[{"@type":"ListItem","position":1,"name":"Home","item":"https:\/\/pippicirkus.se\/sv\/"},{"@type":"ListItem","position":2,"name":"Kontakt &#038; Press"}]},{"@type":"WebSite","@id":"https:\/\/pippicirkus.se\/sv\/#website","url":"https:\/\/pippicirkus.se\/sv\/","name":"Pippi P\u00e5 Cirkus","description":"Cirkusmusikalen f\u00f6r hela familjen av Bj\u00f6rn Ulvaeus","publisher":{"@id":"https:\/\/pippicirkus.se\/sv\/#organization"},"potentialAction":[{"@type":"SearchAction","target":{"@type":"EntryPoint","urlTemplate":"https:\/\/pippicirkus.se\/sv\/?s={search_term_string}"},"query-input":{"@type":"PropertyValueSpecification","valueRequired":true,"valueName":"search_term_string"}}],"inLanguage":"sv-SE"},{"@type":"Organization","@id":"https:\/\/pippicirkus.se\/sv\/#organization","name":"Pippi P\u00e5 Cirkus","url":"https:\/\/pippicirkus.se\/sv\/","logo":{"@type":"ImageObject","inLanguage":"sv-SE","@id":"https:\/\/pippicirkus.se\/sv\/#\/schema\/logo\/image\/","url":"https:\/\/pippicirkus.se\/app\/uploads\/2022\/12\/frame-97-1.png","contentUrl":"https:\/\/pippicirkus.se\/app\/uploads\/2022\/12\/frame-97-1.png","width":512,"height":512,"caption":"Pippi P\u00e5 Cirkus"},"image":{"@id":"https:\/\/pippicirkus.se\/sv\/#\/schema\/logo\/image\/"}}]}},"_links":{"self":[{"href":"https:\/\/pippicirkus.se\/sv\/wp-json\/wp\/v2\/pages\/115","targetHints":{"allow":["GET"]}}],"collection":[{"href":"https:\/\/pippicirkus.se\/sv\/wp-json\/wp\/v2\/pages"}],"about":[{"href":"https:\/\/pippicirkus.se\/sv\/wp-json\/wp\/v2\/types\/page"}],"author":[{"embeddable":true,"href":"https:\/\/pippicirkus.se\/sv\/wp-json\/wp\/v2\/users\/1"}],"replies":[{"embeddable":true,"href":"https:\/\/pippicirkus.se\/sv\/wp-json\/wp\/v2\/comments?post=115"}],"version-history":[{"count":49,"href":"https:\/\/pippicirkus.se\/sv\/wp-json\/wp\/v2\/pages\/115\/revisions"}],"predecessor-version":[{"id":1115,"href":"https:\/\/pippicirkus.se\/sv\/wp-json\/wp\/v2\/pages\/115\/revisions\/1115"}],"wp:attachment":[{"href":"https:\/\/pippicirkus.se\/sv\/wp-json\/wp\/v2\/media?parent=115"}],"curies":[{"name":"wp","href":"https:\/\/api.w.org\/{rel}","templated":true}]}}