{"id":113,"date":"2022-11-03T16:22:26","date_gmt":"2022-11-03T16:22:26","guid":{"rendered":"https:\/\/pippicirkus.se\/?page_id=113"},"modified":"2022-12-16T18:05:26","modified_gmt":"2022-12-16T18:05:26","slug":"hitta-till-cirkus","status":"publish","type":"page","link":"https:\/\/pippicirkus.se\/sv\/hitta-till-cirkus\/","title":{"rendered":"Hitta till Cirkus"},"content":{"rendered":"\r\n<section class=\"content yellow\" style=\"background-image:url(https:\/\/pippicirkus.se\/wp-content\/uploads\/2022\/12\/ppc-pattern-purple-1920x1080-1.jpg)\">\r\n  <div class=\"container\">\r\n    <div class=\"wrapper\">\r\n            <div class=\"content\"><h2>Hitta till Cirkus<\/h2>\n<p><span style=\"font-weight: 400;\">Det enklaste s\u00e4ttet att ta sig till Cirkus \u00e4r att \u00e5ka kommunalt eller promenera fr\u00e5n city. P\u00e5 grund av begr\u00e4nsad framkomlighet och f\u00e5 parkeringsplatser rekommenderar vi att l\u00e4mna bilen hemma.<\/span><\/p>\n<h3><strong>Buss<\/strong><\/h3>\n<p><span style=\"font-weight: 400;\">Buss 67 g\u00e5r via Odenplan, \u00d6stra Station och Karlaplan. Hoppa av vid Skansen. <\/span><\/p>\n<h3><strong>Sp\u00e5rvagn<\/strong><\/h3>\n<p><span style=\"font-weight: 400;\">Sp\u00e5rvagn linje 7 g\u00e5r fr\u00e5n T-centralen via Strandv\u00e4gen. Hoppa av vid Skansen. <\/span><\/p>\n<h3><strong>F\u00e4rja<\/strong><\/h3>\n<p><span style=\"font-weight: 400;\">Djurg\u00e5rdsf\u00e4rjan g\u00e5r fr\u00e5n Slussen. Hoppa av vid Gr\u00f6na Lund och promenera ca 5 min upp till Cirkus entr\u00e9.<\/span><\/p>\n<p><span style=\"font-weight: 400;\">Reseplanerare och information finns ocks\u00e5 p\u00e5<\/span><a href=\"http:\/\/www.sl.se\"> <b>www.sl.se<\/b><\/a><span style=\"font-weight: 400;\">. V\u00e4lkommen! <\/span><\/p>\n<\/div>\r\n          <\/div>\r\n  <\/div>\r\n<\/section>\r\n","protected":false},"excerpt":{"rendered":"","protected":false},"author":1,"featured_media":0,"parent":0,"menu_order":0,"comment_status":"closed","ping_status":"closed","template":"","meta":{"_acf_changed":false,"inline_featured_image":false,"footnotes":""},"class_list":["post-113","page","type-page","status-publish","hentry"],"acf":[],"yoast_head":"<!-- This site is optimized with the Yoast SEO plugin v27.3 - https:\/\/yoast.com\/product\/yoast-seo-wordpress\/ -->\n<title>Hitta till Cirkus - Pippi P\u00e5 Cirkus<\/title>\n<meta name=\"robots\" content=\"index, follow, max-snippet:-1, max-image-preview:large, max-video-preview:-1\" \/>\n<link rel=\"canonical\" href=\"https:\/\/pippicirkus.se\/sv\/hitta-till-cirkus\/\" \/>\n<meta property=\"og:locale\" content=\"sv_SE\" \/>\n<meta property=\"og:type\" content=\"article\" \/>\n<meta property=\"og:title\" content=\"Hitta till Cirkus - Pippi P\u00e5 Cirkus\" \/>\n<meta property=\"og:url\" content=\"https:\/\/pippicirkus.se\/sv\/hitta-till-cirkus\/\" \/>\n<meta property=\"og:site_name\" content=\"Pippi P\u00e5 Cirkus\" \/>\n<meta property=\"article:modified_time\" content=\"2022-12-16T18:05:26+00:00\" \/>\n<meta name=\"twitter:card\" content=\"summary_large_image\" \/>\n<script type=\"application\/ld+json\" class=\"yoast-schema-graph\">{\"@context\":\"https:\\\/\\\/schema.org\",\"@graph\":[{\"@type\":\"WebPage\",\"@id\":\"https:\\\/\\\/pippicirkus.se\\\/sv\\\/hitta-till-cirkus\\\/\",\"url\":\"https:\\\/\\\/pippicirkus.se\\\/sv\\\/hitta-till-cirkus\\\/\",\"name\":\"Hitta till Cirkus - Pippi P\u00e5 Cirkus\",\"isPartOf\":{\"@id\":\"https:\\\/\\\/pippicirkus.se\\\/sv\\\/#website\"},\"datePublished\":\"2022-11-03T16:22:26+00:00\",\"dateModified\":\"2022-12-16T18:05:26+00:00\",\"breadcrumb\":{\"@id\":\"https:\\\/\\\/pippicirkus.se\\\/sv\\\/hitta-till-cirkus\\\/#breadcrumb\"},\"inLanguage\":\"sv-SE\",\"potentialAction\":[{\"@type\":\"ReadAction\",\"target\":[\"https:\\\/\\\/pippicirkus.se\\\/sv\\\/hitta-till-cirkus\\\/\"]}]},{\"@type\":\"BreadcrumbList\",\"@id\":\"https:\\\/\\\/pippicirkus.se\\\/sv\\\/hitta-till-cirkus\\\/#breadcrumb\",\"itemListElement\":[{\"@type\":\"ListItem\",\"position\":1,\"name\":\"Home\",\"item\":\"https:\\\/\\\/pippicirkus.se\\\/sv\\\/\"},{\"@type\":\"ListItem\",\"position\":2,\"name\":\"Hitta till Cirkus\"}]},{\"@type\":\"WebSite\",\"@id\":\"https:\\\/\\\/pippicirkus.se\\\/sv\\\/#website\",\"url\":\"https:\\\/\\\/pippicirkus.se\\\/sv\\\/\",\"name\":\"Pippi P\u00e5 Cirkus\",\"description\":\"Cirkusmusikalen f\u00f6r hela familjen av Bj\u00f6rn Ulvaeus\",\"publisher\":{\"@id\":\"https:\\\/\\\/pippicirkus.se\\\/sv\\\/#organization\"},\"potentialAction\":[{\"@type\":\"SearchAction\",\"target\":{\"@type\":\"EntryPoint\",\"urlTemplate\":\"https:\\\/\\\/pippicirkus.se\\\/sv\\\/?s={search_term_string}\"},\"query-input\":{\"@type\":\"PropertyValueSpecification\",\"valueRequired\":true,\"valueName\":\"search_term_string\"}}],\"inLanguage\":\"sv-SE\"},{\"@type\":\"Organization\",\"@id\":\"https:\\\/\\\/pippicirkus.se\\\/sv\\\/#organization\",\"name\":\"Pippi P\u00e5 Cirkus\",\"url\":\"https:\\\/\\\/pippicirkus.se\\\/sv\\\/\",\"logo\":{\"@type\":\"ImageObject\",\"inLanguage\":\"sv-SE\",\"@id\":\"https:\\\/\\\/pippicirkus.se\\\/sv\\\/#\\\/schema\\\/logo\\\/image\\\/\",\"url\":\"https:\\\/\\\/pippicirkus.se\\\/app\\\/uploads\\\/2022\\\/12\\\/frame-97-1.png\",\"contentUrl\":\"https:\\\/\\\/pippicirkus.se\\\/app\\\/uploads\\\/2022\\\/12\\\/frame-97-1.png\",\"width\":512,\"height\":512,\"caption\":\"Pippi P\u00e5 Cirkus\"},\"image\":{\"@id\":\"https:\\\/\\\/pippicirkus.se\\\/sv\\\/#\\\/schema\\\/logo\\\/image\\\/\"}}]}<\/script>\n<!-- \/ Yoast SEO plugin. -->","yoast_head_json":{"title":"Hitta till Cirkus - Pippi P\u00e5 Cirkus","robots":{"index":"index","follow":"follow","max-snippet":"max-snippet:-1","max-image-preview":"max-image-preview:large","max-video-preview":"max-video-preview:-1"},"canonical":"https:\/\/pippicirkus.se\/sv\/hitta-till-cirkus\/","og_locale":"sv_SE","og_type":"article","og_title":"Hitta till Cirkus - Pippi P\u00e5 Cirkus","og_url":"https:\/\/pippicirkus.se\/sv\/hitta-till-cirkus\/","og_site_name":"Pippi P\u00e5 Cirkus","article_modified_time":"2022-12-16T18:05:26+00:00","twitter_card":"summary_large_image","schema":{"@context":"https:\/\/schema.org","@graph":[{"@type":"WebPage","@id":"https:\/\/pippicirkus.se\/sv\/hitta-till-cirkus\/","url":"https:\/\/pippicirkus.se\/sv\/hitta-till-cirkus\/","name":"Hitta till Cirkus - Pippi P\u00e5 Cirkus","isPartOf":{"@id":"https:\/\/pippicirkus.se\/sv\/#website"},"datePublished":"2022-11-03T16:22:26+00:00","dateModified":"2022-12-16T18:05:26+00:00","breadcrumb":{"@id":"https:\/\/pippicirkus.se\/sv\/hitta-till-cirkus\/#breadcrumb"},"inLanguage":"sv-SE","potentialAction":[{"@type":"ReadAction","target":["https:\/\/pippicirkus.se\/sv\/hitta-till-cirkus\/"]}]},{"@type":"BreadcrumbList","@id":"https:\/\/pippicirkus.se\/sv\/hitta-till-cirkus\/#breadcrumb","itemListElement":[{"@type":"ListItem","position":1,"name":"Home","item":"https:\/\/pippicirkus.se\/sv\/"},{"@type":"ListItem","position":2,"name":"Hitta till Cirkus"}]},{"@type":"WebSite","@id":"https:\/\/pippicirkus.se\/sv\/#website","url":"https:\/\/pippicirkus.se\/sv\/","name":"Pippi P\u00e5 Cirkus","description":"Cirkusmusikalen f\u00f6r hela familjen av Bj\u00f6rn Ulvaeus","publisher":{"@id":"https:\/\/pippicirkus.se\/sv\/#organization"},"potentialAction":[{"@type":"SearchAction","target":{"@type":"EntryPoint","urlTemplate":"https:\/\/pippicirkus.se\/sv\/?s={search_term_string}"},"query-input":{"@type":"PropertyValueSpecification","valueRequired":true,"valueName":"search_term_string"}}],"inLanguage":"sv-SE"},{"@type":"Organization","@id":"https:\/\/pippicirkus.se\/sv\/#organization","name":"Pippi P\u00e5 Cirkus","url":"https:\/\/pippicirkus.se\/sv\/","logo":{"@type":"ImageObject","inLanguage":"sv-SE","@id":"https:\/\/pippicirkus.se\/sv\/#\/schema\/logo\/image\/","url":"https:\/\/pippicirkus.se\/app\/uploads\/2022\/12\/frame-97-1.png","contentUrl":"https:\/\/pippicirkus.se\/app\/uploads\/2022\/12\/frame-97-1.png","width":512,"height":512,"caption":"Pippi P\u00e5 Cirkus"},"image":{"@id":"https:\/\/pippicirkus.se\/sv\/#\/schema\/logo\/image\/"}}]}},"_links":{"self":[{"href":"https:\/\/pippicirkus.se\/sv\/wp-json\/wp\/v2\/pages\/113","targetHints":{"allow":["GET"]}}],"collection":[{"href":"https:\/\/pippicirkus.se\/sv\/wp-json\/wp\/v2\/pages"}],"about":[{"href":"https:\/\/pippicirkus.se\/sv\/wp-json\/wp\/v2\/types\/page"}],"author":[{"embeddable":true,"href":"https:\/\/pippicirkus.se\/sv\/wp-json\/wp\/v2\/users\/1"}],"replies":[{"embeddable":true,"href":"https:\/\/pippicirkus.se\/sv\/wp-json\/wp\/v2\/comments?post=113"}],"version-history":[{"count":29,"href":"https:\/\/pippicirkus.se\/sv\/wp-json\/wp\/v2\/pages\/113\/revisions"}],"predecessor-version":[{"id":694,"href":"https:\/\/pippicirkus.se\/sv\/wp-json\/wp\/v2\/pages\/113\/revisions\/694"}],"wp:attachment":[{"href":"https:\/\/pippicirkus.se\/sv\/wp-json\/wp\/v2\/media?parent=113"}],"curies":[{"name":"wp","href":"https:\/\/api.w.org\/{rel}","templated":true}]}}