{"id":108,"date":"2022-11-03T16:21:28","date_gmt":"2022-11-03T16:21:28","guid":{"rendered":"https:\/\/pippicirkus.se\/?page_id=108"},"modified":"2023-08-21T10:21:01","modified_gmt":"2023-08-21T09:21:01","slug":"om-forestallningen","status":"publish","type":"page","link":"https:\/\/pippicirkus.se\/sv\/om-forestallningen\/","title":{"rendered":"Om f\u00f6rest\u00e4llningen"},"content":{"rendered":"\r\n<section class=\"content yellow\" style=\"background-image:url(https:\/\/pippicirkus.se\/wp-content\/uploads\/2022\/12\/ppc-pattern-red-1920x1080-1.jpg)\">\r\n  <div class=\"container\">\r\n    <div class=\"wrapper\">\r\n            <div class=\"title\">OM F\u00d6REST\u00c4LLNINGEN<\/div>\r\n            <div class=\"content\"><h2>Ska ni med? Ska ni med?<\/h2>\n<p>Pippi p\u00e5 Cirkus spelades p\u00e5 Cirkus i Stockholm sommaren 2023.<\/p>\n<p>En sprakande cirkusmusikal av Bj\u00f6rn Ulvaeus och Pophouse i samarbete med Astrid Lindgren AB, Cirkus Cirk\u00f6r och Krall Entertainment.<\/p>\n<p>Ta Sveriges st\u00f6rsta, modigaste och starkaste litter\u00e4ra ikon. L\u00e4gg d\u00e4rtill ett av v\u00e4rldens mest spektakul\u00e4ra cirkuss\u00e4llskap &#8211; Cirkus Cirk\u00f6r &#8211; samt nyskrivna l\u00e5ttexter av Bj\u00f6rn Ulvaeus. Resultatet blir en storslagen remake av Astrid Lindgrens klassiska karakt\u00e4r och lika klassiska ber\u00e4ttelse. S\u00e5 g\u00f6r er redo f\u00f6r att se Pippi som ni aldrig har sett henne i en nyskriven, sensationell cirkusmusikal.<\/p>\n<p>V\u00e4lkommen att uppleva en musikalisk och tyngdlagstrotsande virvelvind utan skyddsn\u00e4t med en minst sagt svindlande ensemble och f\u00e4rgsprakande orkester. Klart ni ska med!<\/p>\n<\/div>\r\n          <\/div>\r\n  <\/div>\r\n<\/section>\r\n\n\n\r\n<section class=\"hero\">\r\n  <div class=\"container\">\r\n\r\n          <div class=\"image\">\r\n        <img loading=\"lazy\" decoding=\"async\" width=\"2560\" height=\"1707\" src=\"https:\/\/pippicirkus.se\/wp-content\/uploads\/2023\/01\/dsc2890-ljus-scaled.jpg\" class=\"attachment-full size-full\" alt=\"pippi p\u00e5 cirkus\" srcset=\"https:\/\/pippicirkus.se\/wp-content\/uploads\/2023\/01\/dsc2890-ljus-scaled.jpg 2560w, https:\/\/pippicirkus.se\/wp-content\/uploads\/2023\/01\/dsc2890-ljus-300x200.jpg 300w, https:\/\/pippicirkus.se\/wp-content\/uploads\/2023\/01\/dsc2890-ljus-1024x683.jpg 1024w, https:\/\/pippicirkus.se\/wp-content\/uploads\/2023\/01\/dsc2890-ljus-768x512.jpg 768w, https:\/\/pippicirkus.se\/wp-content\/uploads\/2023\/01\/dsc2890-ljus-1536x1024.jpg 1536w, https:\/\/pippicirkus.se\/wp-content\/uploads\/2023\/01\/dsc2890-ljus-2048x1365.jpg 2048w\" sizes=\"auto, (max-width: 2560px) 100vw, 2560px\" \/>      <\/div>\r\n        \r\n    <div class=\"content\">\r\n                <\/div>\r\n\r\n        <a class=\"read-more\" href=\"#\"><span>L\u00e4s mer<\/span><\/a>\r\n  <\/div>\r\n<\/section>\r\n\n\n\r\n<section class=\"content blue\" style=\"background-image:url(https:\/\/pippicirkus.se\/wp-content\/uploads\/2022\/11\/blue-stripes-scaled.jpg)\">\r\n  <div class=\"container\">\r\n    <div class=\"wrapper\">\r\n            <div class=\"content\"><h3><strong>&#8221;mycket mer komplicerat \u00e4n jag n\u00e5gonsin kunnat ana&#8221;<\/strong><\/h3>\n<p>\u201cN\u00e4r id\u00e9n med Pippi p\u00e5 Cirkus f\u00f6ll p\u00e5 plats t\u00e4nkte jag\u00a0wow, Astrid Lindgren. Ska jag verkligen skriva om hennes figurer? Kan jag det? \u00c4r det r\u00e4tt att jag g\u00f6r det? Anledningen till att jag till slut k\u00e4nde att jag kunde g\u00f6ra det var att Astrid Lindgren AB, och inte minst Astrids barnbarn Malin Billing, var s\u00e5 positiva till id\u00e9n. Malin har Pippi i sitt DNA. Hon har varit min ordbok och min ledstj\u00e4rna genom skrivprocessen.<\/p>\n<p>Pippi p\u00e5 Cirkus har varit en stor utmaning. Jag k\u00e4nner ganska v\u00e4l till hur man arbetar med en musikal, men det d\u00e4r med cirkus var ju n\u00e5got helt nytt f\u00f6r mig. Att sammanfoga musikalidiomet med cirkusens funktioner var mycket mer komplicerat \u00e4n jag n\u00e5gonsin kunnat ana. Som tur var har jag gjort den h\u00e4r f\u00f6rest\u00e4llningen tillsammans med otroligt professionella m\u00e4nniskor \u2013 d\u00e4ribland Maria Blom, Tilde Bj\u00f6rfors och Cirkus Cirk\u00f6r. Vetskapen om att de visste vad de h\u00f6ll p\u00e5 med gjorde att det bara var f\u00f6r mig att h\u00e5lla f\u00f6r n\u00e4san och dyka.<sup><a id=\"cmnt_ref3\" href=\"https:\/\/docs.google.com\/document\/u\/0\/d\/1sM-4v5zdlqf7cHyMzf56CneoCxO6KFNME8txeTaGDHA\/mobilebasic#cmnt3\">[c]<\/a><\/sup><\/p>\n<p>Det h\u00e4nder att jag f\u00e5r fr\u00e5gor som \u201cvad vill du med den h\u00e4r f\u00f6rest\u00e4llningen?\u201d och \u201cvad har du f\u00f6r budskap?\u201d. D\u00e5 citerar jag Astrid sj\u00e4lv:\u00a0n\u00e5got budskap har jag inte, men jag vill g\u00e4rna sprida en allm\u00e4n tolerans f\u00f6r m\u00e4nskligt vansinne.\u201d<\/p>\n<p>\u2013 Bj\u00f6rn Ulvaeus<\/p>\n<\/div>\r\n          <\/div>\r\n  <\/div>\r\n<\/section>\r\n\n\n\r\n<section class=\"content yellow\" style=\"background-image:url(https:\/\/pippicirkus.se\/wp-content\/uploads\/2022\/12\/ppc-pattern-purple-1920x1080-1.jpg)\">\r\n  <div class=\"container\">\r\n    <div class=\"wrapper\">\r\n            <div class=\"content\"><h2>Lyssna p\u00e5 musiken fr\u00e5n f\u00f6rest\u00e4llningen!<\/h2>\n<p>Nu finns \u201cVeva veva positiv\u201d, \u201cJag tror jag g\u00e5r s\u00f6nder\u201d och de andra l\u00e5tarna fr\u00e5n Pippi p\u00e5 Cirkus ute p\u00e5 Spotify. Text och musik \u00e4r skriven av bland andra Bj\u00f6rn Ulvaeus och Benny Andersson och tolkas p\u00e5 konceptalbumet av n\u00e5gra av v\u00e5ra mest folkk\u00e4ra artister.<\/p>\n<\/div>\r\n              <a class=\"button\" href=\"https:\/\/open.spotify.com\/album\/0sx6TCXSdbtyVifqzvNndH\" target=\"_blank\"><span>Lyssna nu!<\/span><\/a>\r\n          <\/div>\r\n  <\/div>\r\n<\/section>\r\n","protected":false},"excerpt":{"rendered":"<p>Bj\u00f6rn Ulvaeus och Cirkus Cirk\u00f6r presenterar en sprakande cirkusmusikal i samarbete med Astrid Lindgren AB, Pophouse och Krall Entertainment.<\/p>\n<p>Ta det stoltaste, modigaste och starkaste vi har i Sverige. L\u00e4gg d\u00e4rtill ett av v\u00e4rldens kanske mest spektakul\u00e4ra cirkuss\u00e4llskap \u2013 Cirkus Cirk\u00f6r \u2013 samt nyskrivna l\u00e5ttexter av Bj\u00f6rn Ulvaeus. Resultatet blir en storslagen remake av Astrid Lindgrens klassiska ber\u00e4ttelse med Pippi som ni aldrig har sett henne f\u00f6rut. V\u00e4lkommen till en musikalisk tyngdlagstrotsande virvelvind utan skyddsn\u00e4t och en nyskriven, sensationell cirkusmusikal, helt unik i sitt slag. Klart ni ska med!<\/p>\n","protected":false},"author":1,"featured_media":374,"parent":0,"menu_order":0,"comment_status":"closed","ping_status":"closed","template":"","meta":{"_acf_changed":false,"inline_featured_image":false,"footnotes":""},"class_list":["post-108","page","type-page","status-publish","has-post-thumbnail","hentry"],"acf":[],"yoast_head":"<!-- This site is optimized with the Yoast SEO plugin v27.3 - https:\/\/yoast.com\/product\/yoast-seo-wordpress\/ -->\n<title>Om f\u00f6rest\u00e4llningen - Pippi P\u00e5 Cirkus<\/title>\n<meta name=\"robots\" content=\"index, follow, max-snippet:-1, max-image-preview:large, max-video-preview:-1\" \/>\n<link rel=\"canonical\" href=\"https:\/\/pippicirkus.se\/sv\/om-forestallningen\/\" \/>\n<meta property=\"og:locale\" content=\"sv_SE\" \/>\n<meta property=\"og:type\" content=\"article\" \/>\n<meta property=\"og:title\" content=\"Om f\u00f6rest\u00e4llningen - Pippi P\u00e5 Cirkus\" \/>\n<meta property=\"og:description\" content=\"Bj\u00f6rn Ulvaeus och Cirkus Cirk\u00f6r presenterar en sprakande cirkusmusikal i samarbete med Astrid Lindgren AB, Pophouse och Krall Entertainment. Ta det stoltaste, modigaste och starkaste vi har i Sverige. L\u00e4gg d\u00e4rtill ett av v\u00e4rldens kanske mest spektakul\u00e4ra cirkuss\u00e4llskap \u2013 Cirkus Cirk\u00f6r \u2013 samt nyskrivna l\u00e5ttexter av Bj\u00f6rn Ulvaeus. Resultatet blir en storslagen remake av Astrid Lindgrens klassiska ber\u00e4ttelse med Pippi som ni aldrig har sett henne f\u00f6rut. V\u00e4lkommen till en musikalisk tyngdlagstrotsande virvelvind utan skyddsn\u00e4t och en nyskriven, sensationell cirkusmusikal, helt unik i sitt slag. Klart ni ska med!\" \/>\n<meta property=\"og:url\" content=\"https:\/\/pippicirkus.se\/sv\/om-forestallningen\/\" \/>\n<meta property=\"og:site_name\" content=\"Pippi P\u00e5 Cirkus\" \/>\n<meta property=\"article:modified_time\" content=\"2023-08-21T09:21:01+00:00\" \/>\n<meta property=\"og:image\" content=\"https:\/\/pippicirkus.se\/app\/uploads\/2022\/12\/keyvisual-low.jpg\" \/>\n\t<meta property=\"og:image:width\" content=\"2274\" \/>\n\t<meta property=\"og:image:height\" content=\"1279\" \/>\n\t<meta property=\"og:image:type\" content=\"image\/jpeg\" \/>\n<meta name=\"twitter:card\" content=\"summary_large_image\" \/>\n<script type=\"application\/ld+json\" class=\"yoast-schema-graph\">{\"@context\":\"https:\\\/\\\/schema.org\",\"@graph\":[{\"@type\":\"WebPage\",\"@id\":\"https:\\\/\\\/pippicirkus.se\\\/sv\\\/om-forestallningen\\\/\",\"url\":\"https:\\\/\\\/pippicirkus.se\\\/sv\\\/om-forestallningen\\\/\",\"name\":\"Om f\u00f6rest\u00e4llningen - Pippi P\u00e5 Cirkus\",\"isPartOf\":{\"@id\":\"https:\\\/\\\/pippicirkus.se\\\/sv\\\/#website\"},\"primaryImageOfPage\":{\"@id\":\"https:\\\/\\\/pippicirkus.se\\\/sv\\\/om-forestallningen\\\/#primaryimage\"},\"image\":{\"@id\":\"https:\\\/\\\/pippicirkus.se\\\/sv\\\/om-forestallningen\\\/#primaryimage\"},\"thumbnailUrl\":\"https:\\\/\\\/pippicirkus.se\\\/wp-content\\\/uploads\\\/2022\\\/12\\\/keyvisual-low.jpg\",\"datePublished\":\"2022-11-03T16:21:28+00:00\",\"dateModified\":\"2023-08-21T09:21:01+00:00\",\"breadcrumb\":{\"@id\":\"https:\\\/\\\/pippicirkus.se\\\/sv\\\/om-forestallningen\\\/#breadcrumb\"},\"inLanguage\":\"sv-SE\",\"potentialAction\":[{\"@type\":\"ReadAction\",\"target\":[\"https:\\\/\\\/pippicirkus.se\\\/sv\\\/om-forestallningen\\\/\"]}]},{\"@type\":\"ImageObject\",\"inLanguage\":\"sv-SE\",\"@id\":\"https:\\\/\\\/pippicirkus.se\\\/sv\\\/om-forestallningen\\\/#primaryimage\",\"url\":\"https:\\\/\\\/pippicirkus.se\\\/wp-content\\\/uploads\\\/2022\\\/12\\\/keyvisual-low.jpg\",\"contentUrl\":\"https:\\\/\\\/pippicirkus.se\\\/wp-content\\\/uploads\\\/2022\\\/12\\\/keyvisual-low.jpg\",\"width\":2274,\"height\":1279,\"caption\":\"Pippi p\u00e5 cirkus\"},{\"@type\":\"BreadcrumbList\",\"@id\":\"https:\\\/\\\/pippicirkus.se\\\/sv\\\/om-forestallningen\\\/#breadcrumb\",\"itemListElement\":[{\"@type\":\"ListItem\",\"position\":1,\"name\":\"Home\",\"item\":\"https:\\\/\\\/pippicirkus.se\\\/sv\\\/\"},{\"@type\":\"ListItem\",\"position\":2,\"name\":\"Om f\u00f6rest\u00e4llningen\"}]},{\"@type\":\"WebSite\",\"@id\":\"https:\\\/\\\/pippicirkus.se\\\/sv\\\/#website\",\"url\":\"https:\\\/\\\/pippicirkus.se\\\/sv\\\/\",\"name\":\"Pippi P\u00e5 Cirkus\",\"description\":\"Cirkusmusikalen f\u00f6r hela familjen av Bj\u00f6rn Ulvaeus\",\"publisher\":{\"@id\":\"https:\\\/\\\/pippicirkus.se\\\/sv\\\/#organization\"},\"potentialAction\":[{\"@type\":\"SearchAction\",\"target\":{\"@type\":\"EntryPoint\",\"urlTemplate\":\"https:\\\/\\\/pippicirkus.se\\\/sv\\\/?s={search_term_string}\"},\"query-input\":{\"@type\":\"PropertyValueSpecification\",\"valueRequired\":true,\"valueName\":\"search_term_string\"}}],\"inLanguage\":\"sv-SE\"},{\"@type\":\"Organization\",\"@id\":\"https:\\\/\\\/pippicirkus.se\\\/sv\\\/#organization\",\"name\":\"Pippi P\u00e5 Cirkus\",\"url\":\"https:\\\/\\\/pippicirkus.se\\\/sv\\\/\",\"logo\":{\"@type\":\"ImageObject\",\"inLanguage\":\"sv-SE\",\"@id\":\"https:\\\/\\\/pippicirkus.se\\\/sv\\\/#\\\/schema\\\/logo\\\/image\\\/\",\"url\":\"https:\\\/\\\/pippicirkus.se\\\/app\\\/uploads\\\/2022\\\/12\\\/frame-97-1.png\",\"contentUrl\":\"https:\\\/\\\/pippicirkus.se\\\/app\\\/uploads\\\/2022\\\/12\\\/frame-97-1.png\",\"width\":512,\"height\":512,\"caption\":\"Pippi P\u00e5 Cirkus\"},\"image\":{\"@id\":\"https:\\\/\\\/pippicirkus.se\\\/sv\\\/#\\\/schema\\\/logo\\\/image\\\/\"}}]}<\/script>\n<!-- \/ Yoast SEO plugin. -->","yoast_head_json":{"title":"Om f\u00f6rest\u00e4llningen - Pippi P\u00e5 Cirkus","robots":{"index":"index","follow":"follow","max-snippet":"max-snippet:-1","max-image-preview":"max-image-preview:large","max-video-preview":"max-video-preview:-1"},"canonical":"https:\/\/pippicirkus.se\/sv\/om-forestallningen\/","og_locale":"sv_SE","og_type":"article","og_title":"Om f\u00f6rest\u00e4llningen - Pippi P\u00e5 Cirkus","og_description":"Bj\u00f6rn Ulvaeus och Cirkus Cirk\u00f6r presenterar en sprakande cirkusmusikal i samarbete med Astrid Lindgren AB, Pophouse och Krall Entertainment. Ta det stoltaste, modigaste och starkaste vi har i Sverige. L\u00e4gg d\u00e4rtill ett av v\u00e4rldens kanske mest spektakul\u00e4ra cirkuss\u00e4llskap \u2013 Cirkus Cirk\u00f6r \u2013 samt nyskrivna l\u00e5ttexter av Bj\u00f6rn Ulvaeus. Resultatet blir en storslagen remake av Astrid Lindgrens klassiska ber\u00e4ttelse med Pippi som ni aldrig har sett henne f\u00f6rut. V\u00e4lkommen till en musikalisk tyngdlagstrotsande virvelvind utan skyddsn\u00e4t och en nyskriven, sensationell cirkusmusikal, helt unik i sitt slag. Klart ni ska med!","og_url":"https:\/\/pippicirkus.se\/sv\/om-forestallningen\/","og_site_name":"Pippi P\u00e5 Cirkus","article_modified_time":"2023-08-21T09:21:01+00:00","og_image":[{"width":2274,"height":1279,"url":"https:\/\/pippicirkus.se\/app\/uploads\/2022\/12\/keyvisual-low.jpg","type":"image\/jpeg"}],"twitter_card":"summary_large_image","schema":{"@context":"https:\/\/schema.org","@graph":[{"@type":"WebPage","@id":"https:\/\/pippicirkus.se\/sv\/om-forestallningen\/","url":"https:\/\/pippicirkus.se\/sv\/om-forestallningen\/","name":"Om f\u00f6rest\u00e4llningen - Pippi P\u00e5 Cirkus","isPartOf":{"@id":"https:\/\/pippicirkus.se\/sv\/#website"},"primaryImageOfPage":{"@id":"https:\/\/pippicirkus.se\/sv\/om-forestallningen\/#primaryimage"},"image":{"@id":"https:\/\/pippicirkus.se\/sv\/om-forestallningen\/#primaryimage"},"thumbnailUrl":"https:\/\/pippicirkus.se\/wp-content\/uploads\/2022\/12\/keyvisual-low.jpg","datePublished":"2022-11-03T16:21:28+00:00","dateModified":"2023-08-21T09:21:01+00:00","breadcrumb":{"@id":"https:\/\/pippicirkus.se\/sv\/om-forestallningen\/#breadcrumb"},"inLanguage":"sv-SE","potentialAction":[{"@type":"ReadAction","target":["https:\/\/pippicirkus.se\/sv\/om-forestallningen\/"]}]},{"@type":"ImageObject","inLanguage":"sv-SE","@id":"https:\/\/pippicirkus.se\/sv\/om-forestallningen\/#primaryimage","url":"https:\/\/pippicirkus.se\/wp-content\/uploads\/2022\/12\/keyvisual-low.jpg","contentUrl":"https:\/\/pippicirkus.se\/wp-content\/uploads\/2022\/12\/keyvisual-low.jpg","width":2274,"height":1279,"caption":"Pippi p\u00e5 cirkus"},{"@type":"BreadcrumbList","@id":"https:\/\/pippicirkus.se\/sv\/om-forestallningen\/#breadcrumb","itemListElement":[{"@type":"ListItem","position":1,"name":"Home","item":"https:\/\/pippicirkus.se\/sv\/"},{"@type":"ListItem","position":2,"name":"Om f\u00f6rest\u00e4llningen"}]},{"@type":"WebSite","@id":"https:\/\/pippicirkus.se\/sv\/#website","url":"https:\/\/pippicirkus.se\/sv\/","name":"Pippi P\u00e5 Cirkus","description":"Cirkusmusikalen f\u00f6r hela familjen av Bj\u00f6rn Ulvaeus","publisher":{"@id":"https:\/\/pippicirkus.se\/sv\/#organization"},"potentialAction":[{"@type":"SearchAction","target":{"@type":"EntryPoint","urlTemplate":"https:\/\/pippicirkus.se\/sv\/?s={search_term_string}"},"query-input":{"@type":"PropertyValueSpecification","valueRequired":true,"valueName":"search_term_string"}}],"inLanguage":"sv-SE"},{"@type":"Organization","@id":"https:\/\/pippicirkus.se\/sv\/#organization","name":"Pippi P\u00e5 Cirkus","url":"https:\/\/pippicirkus.se\/sv\/","logo":{"@type":"ImageObject","inLanguage":"sv-SE","@id":"https:\/\/pippicirkus.se\/sv\/#\/schema\/logo\/image\/","url":"https:\/\/pippicirkus.se\/app\/uploads\/2022\/12\/frame-97-1.png","contentUrl":"https:\/\/pippicirkus.se\/app\/uploads\/2022\/12\/frame-97-1.png","width":512,"height":512,"caption":"Pippi P\u00e5 Cirkus"},"image":{"@id":"https:\/\/pippicirkus.se\/sv\/#\/schema\/logo\/image\/"}}]}},"_links":{"self":[{"href":"https:\/\/pippicirkus.se\/sv\/wp-json\/wp\/v2\/pages\/108","targetHints":{"allow":["GET"]}}],"collection":[{"href":"https:\/\/pippicirkus.se\/sv\/wp-json\/wp\/v2\/pages"}],"about":[{"href":"https:\/\/pippicirkus.se\/sv\/wp-json\/wp\/v2\/types\/page"}],"author":[{"embeddable":true,"href":"https:\/\/pippicirkus.se\/sv\/wp-json\/wp\/v2\/users\/1"}],"replies":[{"embeddable":true,"href":"https:\/\/pippicirkus.se\/sv\/wp-json\/wp\/v2\/comments?post=108"}],"version-history":[{"count":198,"href":"https:\/\/pippicirkus.se\/sv\/wp-json\/wp\/v2\/pages\/108\/revisions"}],"predecessor-version":[{"id":1727,"href":"https:\/\/pippicirkus.se\/sv\/wp-json\/wp\/v2\/pages\/108\/revisions\/1727"}],"wp:featuredmedia":[{"embeddable":true,"href":"https:\/\/pippicirkus.se\/sv\/wp-json\/wp\/v2\/media\/374"}],"wp:attachment":[{"href":"https:\/\/pippicirkus.se\/sv\/wp-json\/wp\/v2\/media?parent=108"}],"curies":[{"name":"wp","href":"https:\/\/api.w.org\/{rel}","templated":true}]}}