{"id":317,"date":"2022-11-03T16:21:28","date_gmt":"2022-11-03T15:21:28","guid":{"rendered":"https:\/\/pippicirkus.se\/om-forestallningen\/"},"modified":"2023-08-21T10:33:57","modified_gmt":"2023-08-21T09:33:57","slug":"about-the-show","status":"publish","type":"page","link":"https:\/\/pippicirkus.se\/en\/about-the-show\/","title":{"rendered":"About the show"},"content":{"rendered":"\r\n<section class=\"content yellow\" style=\"background-image:url(https:\/\/pippicirkus.se\/wp-content\/uploads\/2022\/12\/ppc-pattern-red-1920x1080-1.jpg)\">\r\n  <div class=\"container\">\r\n    <div class=\"wrapper\">\r\n            <div class=\"title\">ABOUT THE SHOW<\/div>\r\n            <div class=\"content\"><h2><b>Join the circus!<\/b><\/h2>\n<p>Pippi at the Circus played in the summer of 2023.<\/p>\n<p><span style=\"font-weight: 400;\">Bj\u00f6rn Ulvaeus and Pophouse present a sparkling circus musical in collaboration with Astrid Lindgren AB, Cirkus Cirk\u00f6r, and Krall Entertainment.\u00a0<\/span><\/p>\n<p><span style=\"font-weight: 400;\">Take the proudest, bravest, and strongest we have. Add one of the world\u2019s probably most spectacular circus troupes \u2013 Cirkus Cirk\u00f6r \u2013 and original lyrics written by Bj\u00f6rn Ulvaeus. The result is a magnificent remake of Astrid Lindgren\u2019s classic story with Pippi as you have never seen her before. Welcome to a gravity-defying tornado without limits and a newly written, sensational circus musical, completely unique in its kind. Will you join the circus? Of course you will!\u00a0<\/span><\/p>\n<\/div>\r\n          <\/div>\r\n  <\/div>\r\n<\/section>\r\n\n\n\r\n<section class=\"hero\">\r\n  <div class=\"container\">\r\n\r\n          <div class=\"image\">\r\n        <img loading=\"lazy\" decoding=\"async\" width=\"2560\" height=\"1707\" src=\"https:\/\/pippicirkus.se\/wp-content\/uploads\/2023\/01\/dsc2890-ljus-scaled.jpg\" class=\"attachment-full size-full\" alt=\"pippi p\u00e5 cirkus\" srcset=\"https:\/\/pippicirkus.se\/wp-content\/uploads\/2023\/01\/dsc2890-ljus-scaled.jpg 2560w, https:\/\/pippicirkus.se\/wp-content\/uploads\/2023\/01\/dsc2890-ljus-300x200.jpg 300w, https:\/\/pippicirkus.se\/wp-content\/uploads\/2023\/01\/dsc2890-ljus-1024x683.jpg 1024w, https:\/\/pippicirkus.se\/wp-content\/uploads\/2023\/01\/dsc2890-ljus-768x512.jpg 768w, https:\/\/pippicirkus.se\/wp-content\/uploads\/2023\/01\/dsc2890-ljus-1536x1024.jpg 1536w, https:\/\/pippicirkus.se\/wp-content\/uploads\/2023\/01\/dsc2890-ljus-2048x1365.jpg 2048w\" sizes=\"auto, (max-width: 2560px) 100vw, 2560px\" \/>      <\/div>\r\n        \r\n    <div class=\"content\">\r\n                <\/div>\r\n\r\n        <a class=\"read-more\" href=\"#\"><span>Read more<\/span><\/a>\r\n  <\/div>\r\n<\/section>\r\n\n\n\r\n<section class=\"content blue\" style=\"background-image:url(https:\/\/pippicirkus.se\/wp-content\/uploads\/2022\/11\/blue-stripes-scaled.jpg)\">\r\n  <div class=\"container\">\r\n    <div class=\"wrapper\">\r\n            <div class=\"content\"><h3><span data-offset-key=\"9fj16-523-0\">&#8220;much<\/span><span data-offset-key=\"9fj16-524-0\"> more<\/span><span data-offset-key=\"9fj16-525-0\"> complicated<\/span><span data-offset-key=\"9fj16-526-0\"> than<\/span><span data-offset-key=\"9fj16-527-0\"> I<\/span> <span data-offset-key=\"9fj16-529-0\">could<\/span><span data-offset-key=\"9fj16-530-0\"> ever have<\/span><span data-offset-key=\"9fj16-531-0\"> imagined<\/span><span data-offset-key=\"9fj16-532-0\">.&#8221;<\/span><\/h3>\n<p><span style=\"font-weight: 400;\">&#8220;When the idea of Pippi at the Cirkus fell into place, I instantly thought \u201cwow, Astrid Lindgren. Can I really write about her characters? Is it right for me to do so?\u201d. The reason why I finally felt I could, was very much thanks to Astrid Lindgren AB, and especially Astrid\u2019s granddaughter Malin Billing, who backed up the whole thing and was excited about it. Malin carries Pippi in her DNA. She has been my dictionary and my guiding light throughout the process.\u00a0<\/span><\/p>\n<p><span style=\"font-weight: 400;\">Pippi at the Cirkus has been my most fun music and stage project in many years. But it has also been a great challenge. I know quite well how to work with a musical, but the circus thing was something completely new to me. To merge the musical idiom with the circus\u2019 functions was much more complicated than I could ever imagine. Fortunately, I made this show together with incredibly professional people \u2013 such as Maria Blom, Tilde Bj\u00f6rfors, and Cirkus Cirk\u00f6r. Knowing that they knew what they did, made it possible for me to just hold my breath and dive into it. &#8220;<\/span><\/p>\n<p>&#8211; Bj\u00f6rn Ulvaeus<\/p>\n<\/div>\r\n          <\/div>\r\n  <\/div>\r\n<\/section>\r\n\n\n\r\n<section class=\"content yellow\" style=\"background-image:url(https:\/\/pippicirkus.se\/wp-content\/uploads\/2022\/12\/ppc-pattern-purple-1920x1080-1.jpg)\">\r\n  <div class=\"container\">\r\n    <div class=\"wrapper\">\r\n            <div class=\"content\"><h2><span data-offset-key=\"cc7-133-0\">Listen<\/span><span data-offset-key=\"cc7-134-0\"> to<\/span><span data-offset-key=\"cc7-135-0\"> the<\/span><span data-offset-key=\"cc7-136-0\"> music<\/span><span data-offset-key=\"cc7-137-0\"> from<\/span><span data-offset-key=\"cc7-138-0\"> the<\/span><span data-offset-key=\"cc7-139-0\"> show<\/span><span data-offset-key=\"cc7-140-0\">!<\/span><\/h2>\n<p><span style=\"font-weight: 400;\">You can now listen to \u201cVeva veva positiv\u201d, \u201cJag tror jag g\u00e5r s\u00f6nder\u201d and the other hits from Pippi at the Cirkus at Spotify. The songs are written by (among others) Bj\u00f6rn Ulvaeus and Benny Andersson and are interpreted by some of our most beloved artists on this concept album.\u00a0<\/span><\/p>\n<\/div>\r\n              <a class=\"button\" href=\"https:\/\/open.spotify.com\/album\/0sx6TCXSdbtyVifqzvNndH\" target=\"_blank\"><span>Listen now!<\/span><\/a>\r\n          <\/div>\r\n  <\/div>\r\n<\/section>\r\n","protected":false},"excerpt":{"rendered":"<p>Welcome to a vibrant circus musical by Bj\u00f6rn Ulvaeus and Cirkus Cirk\u00f6r in collaboration with Astrid Lindgren AB, Pophouse and Krall Entertainment.<\/p>\n<p>Take Sweden\u2019s biggest, bravest and strongest literary icon. Add to that one of the world\u2019s most spectacular circus companies \u2013 Cirkus Cirk\u00f6r \u2013 as well as newly written lyrics by Bj\u00f6rn Ulvaeus. The result is a grand remake of Astrid Lindgren\u2019s classic character and equally classic story. So, get ready to see Pippi as you\u2019ve never seen her before in a newly written, sensational circus musical. You are invited to experience a musical and gravity-defying whirlwind without a safety net, with a vertiginous ensemble and flying orchestra. Join us at Cirkus this summer!<\/p>\n","protected":false},"author":1,"featured_media":375,"parent":0,"menu_order":0,"comment_status":"closed","ping_status":"closed","template":"","meta":{"_acf_changed":false,"inline_featured_image":false,"footnotes":""},"class_list":["post-317","page","type-page","status-publish","has-post-thumbnail","hentry"],"acf":[],"yoast_head":"<!-- This site is optimized with the Yoast SEO plugin v27.3 - https:\/\/yoast.com\/product\/yoast-seo-wordpress\/ -->\n<title>About the show - Pippi P\u00e5 Cirkus<\/title>\n<meta name=\"robots\" content=\"index, follow, max-snippet:-1, max-image-preview:large, max-video-preview:-1\" \/>\n<link rel=\"canonical\" href=\"https:\/\/pippicirkus.se\/en\/about-the-show\/\" \/>\n<meta property=\"og:locale\" content=\"en_US\" \/>\n<meta property=\"og:type\" content=\"article\" \/>\n<meta property=\"og:title\" content=\"About the show - Pippi P\u00e5 Cirkus\" \/>\n<meta property=\"og:description\" content=\"Welcome to a vibrant circus musical by Bj\u00f6rn Ulvaeus and Cirkus Cirk\u00f6r in collaboration with Astrid Lindgren AB, Pophouse and Krall Entertainment.  Take Sweden\u2019s biggest, bravest and strongest literary icon. Add to that one of the world\u2019s most spectacular circus companies \u2013 Cirkus Cirk\u00f6r \u2013 as well as newly written lyrics by Bj\u00f6rn Ulvaeus. The result is a grand remake of Astrid Lindgren\u2019s classic character and equally classic story. So, get ready to see Pippi as you\u2019ve never seen her before in a newly written, sensational circus musical. You are invited to experience a musical and gravity-defying whirlwind without a safety net, with a vertiginous ensemble and flying orchestra. Join us at Cirkus this summer!\" \/>\n<meta property=\"og:url\" content=\"https:\/\/pippicirkus.se\/en\/about-the-show\/\" \/>\n<meta property=\"og:site_name\" content=\"Pippi P\u00e5 Cirkus\" \/>\n<meta property=\"article:modified_time\" content=\"2023-08-21T09:33:57+00:00\" \/>\n<meta property=\"og:image\" content=\"https:\/\/pippicirkus.se\/app\/uploads\/2022\/12\/keyvisual-low.jpg\" \/>\n\t<meta property=\"og:image:width\" content=\"2274\" \/>\n\t<meta property=\"og:image:height\" content=\"1279\" \/>\n\t<meta property=\"og:image:type\" content=\"image\/jpeg\" \/>\n<meta name=\"twitter:card\" content=\"summary_large_image\" \/>\n<script type=\"application\/ld+json\" class=\"yoast-schema-graph\">{\"@context\":\"https:\\\/\\\/schema.org\",\"@graph\":[{\"@type\":\"WebPage\",\"@id\":\"https:\\\/\\\/pippicirkus.se\\\/en\\\/about-the-show\\\/\",\"url\":\"https:\\\/\\\/pippicirkus.se\\\/en\\\/about-the-show\\\/\",\"name\":\"About the show - Pippi P\u00e5 Cirkus\",\"isPartOf\":{\"@id\":\"https:\\\/\\\/pippicirkus.se\\\/sv\\\/#website\"},\"primaryImageOfPage\":{\"@id\":\"https:\\\/\\\/pippicirkus.se\\\/en\\\/about-the-show\\\/#primaryimage\"},\"image\":{\"@id\":\"https:\\\/\\\/pippicirkus.se\\\/en\\\/about-the-show\\\/#primaryimage\"},\"thumbnailUrl\":\"https:\\\/\\\/pippicirkus.se\\\/wp-content\\\/uploads\\\/2022\\\/12\\\/keyvisual-low.jpg\",\"datePublished\":\"2022-11-03T15:21:28+00:00\",\"dateModified\":\"2023-08-21T09:33:57+00:00\",\"breadcrumb\":{\"@id\":\"https:\\\/\\\/pippicirkus.se\\\/en\\\/about-the-show\\\/#breadcrumb\"},\"inLanguage\":\"en-US\",\"potentialAction\":[{\"@type\":\"ReadAction\",\"target\":[\"https:\\\/\\\/pippicirkus.se\\\/en\\\/about-the-show\\\/\"]}]},{\"@type\":\"ImageObject\",\"inLanguage\":\"en-US\",\"@id\":\"https:\\\/\\\/pippicirkus.se\\\/en\\\/about-the-show\\\/#primaryimage\",\"url\":\"https:\\\/\\\/pippicirkus.se\\\/wp-content\\\/uploads\\\/2022\\\/12\\\/keyvisual-low.jpg\",\"contentUrl\":\"https:\\\/\\\/pippicirkus.se\\\/wp-content\\\/uploads\\\/2022\\\/12\\\/keyvisual-low.jpg\",\"width\":2274,\"height\":1279,\"caption\":\"Pippi p\u00e5 cirkus\"},{\"@type\":\"BreadcrumbList\",\"@id\":\"https:\\\/\\\/pippicirkus.se\\\/en\\\/about-the-show\\\/#breadcrumb\",\"itemListElement\":[{\"@type\":\"ListItem\",\"position\":1,\"name\":\"Home\",\"item\":\"https:\\\/\\\/pippicirkus.se\\\/en\\\/\"},{\"@type\":\"ListItem\",\"position\":2,\"name\":\"About the show\"}]},{\"@type\":\"WebSite\",\"@id\":\"https:\\\/\\\/pippicirkus.se\\\/sv\\\/#website\",\"url\":\"https:\\\/\\\/pippicirkus.se\\\/sv\\\/\",\"name\":\"Pippi P\u00e5 Cirkus\",\"description\":\"Cirkusmusikalen f\u00f6r hela familjen av Bj\u00f6rn Ulvaeus\",\"publisher\":{\"@id\":\"https:\\\/\\\/pippicirkus.se\\\/sv\\\/#organization\"},\"potentialAction\":[{\"@type\":\"SearchAction\",\"target\":{\"@type\":\"EntryPoint\",\"urlTemplate\":\"https:\\\/\\\/pippicirkus.se\\\/sv\\\/?s={search_term_string}\"},\"query-input\":{\"@type\":\"PropertyValueSpecification\",\"valueRequired\":true,\"valueName\":\"search_term_string\"}}],\"inLanguage\":\"en-US\"},{\"@type\":\"Organization\",\"@id\":\"https:\\\/\\\/pippicirkus.se\\\/sv\\\/#organization\",\"name\":\"Pippi P\u00e5 Cirkus\",\"url\":\"https:\\\/\\\/pippicirkus.se\\\/sv\\\/\",\"logo\":{\"@type\":\"ImageObject\",\"inLanguage\":\"en-US\",\"@id\":\"https:\\\/\\\/pippicirkus.se\\\/sv\\\/#\\\/schema\\\/logo\\\/image\\\/\",\"url\":\"https:\\\/\\\/pippicirkus.se\\\/app\\\/uploads\\\/2022\\\/12\\\/frame-97-1.png\",\"contentUrl\":\"https:\\\/\\\/pippicirkus.se\\\/app\\\/uploads\\\/2022\\\/12\\\/frame-97-1.png\",\"width\":512,\"height\":512,\"caption\":\"Pippi P\u00e5 Cirkus\"},\"image\":{\"@id\":\"https:\\\/\\\/pippicirkus.se\\\/sv\\\/#\\\/schema\\\/logo\\\/image\\\/\"}}]}<\/script>\n<!-- \/ Yoast SEO plugin. -->","yoast_head_json":{"title":"About the show - Pippi P\u00e5 Cirkus","robots":{"index":"index","follow":"follow","max-snippet":"max-snippet:-1","max-image-preview":"max-image-preview:large","max-video-preview":"max-video-preview:-1"},"canonical":"https:\/\/pippicirkus.se\/en\/about-the-show\/","og_locale":"en_US","og_type":"article","og_title":"About the show - Pippi P\u00e5 Cirkus","og_description":"Welcome to a vibrant circus musical by Bj\u00f6rn Ulvaeus and Cirkus Cirk\u00f6r in collaboration with Astrid Lindgren AB, Pophouse and Krall Entertainment.  Take Sweden\u2019s biggest, bravest and strongest literary icon. Add to that one of the world\u2019s most spectacular circus companies \u2013 Cirkus Cirk\u00f6r \u2013 as well as newly written lyrics by Bj\u00f6rn Ulvaeus. The result is a grand remake of Astrid Lindgren\u2019s classic character and equally classic story. So, get ready to see Pippi as you\u2019ve never seen her before in a newly written, sensational circus musical. You are invited to experience a musical and gravity-defying whirlwind without a safety net, with a vertiginous ensemble and flying orchestra. Join us at Cirkus this summer!","og_url":"https:\/\/pippicirkus.se\/en\/about-the-show\/","og_site_name":"Pippi P\u00e5 Cirkus","article_modified_time":"2023-08-21T09:33:57+00:00","og_image":[{"width":2274,"height":1279,"url":"https:\/\/pippicirkus.se\/app\/uploads\/2022\/12\/keyvisual-low.jpg","type":"image\/jpeg"}],"twitter_card":"summary_large_image","schema":{"@context":"https:\/\/schema.org","@graph":[{"@type":"WebPage","@id":"https:\/\/pippicirkus.se\/en\/about-the-show\/","url":"https:\/\/pippicirkus.se\/en\/about-the-show\/","name":"About the show - Pippi P\u00e5 Cirkus","isPartOf":{"@id":"https:\/\/pippicirkus.se\/sv\/#website"},"primaryImageOfPage":{"@id":"https:\/\/pippicirkus.se\/en\/about-the-show\/#primaryimage"},"image":{"@id":"https:\/\/pippicirkus.se\/en\/about-the-show\/#primaryimage"},"thumbnailUrl":"https:\/\/pippicirkus.se\/wp-content\/uploads\/2022\/12\/keyvisual-low.jpg","datePublished":"2022-11-03T15:21:28+00:00","dateModified":"2023-08-21T09:33:57+00:00","breadcrumb":{"@id":"https:\/\/pippicirkus.se\/en\/about-the-show\/#breadcrumb"},"inLanguage":"en-US","potentialAction":[{"@type":"ReadAction","target":["https:\/\/pippicirkus.se\/en\/about-the-show\/"]}]},{"@type":"ImageObject","inLanguage":"en-US","@id":"https:\/\/pippicirkus.se\/en\/about-the-show\/#primaryimage","url":"https:\/\/pippicirkus.se\/wp-content\/uploads\/2022\/12\/keyvisual-low.jpg","contentUrl":"https:\/\/pippicirkus.se\/wp-content\/uploads\/2022\/12\/keyvisual-low.jpg","width":2274,"height":1279,"caption":"Pippi p\u00e5 cirkus"},{"@type":"BreadcrumbList","@id":"https:\/\/pippicirkus.se\/en\/about-the-show\/#breadcrumb","itemListElement":[{"@type":"ListItem","position":1,"name":"Home","item":"https:\/\/pippicirkus.se\/en\/"},{"@type":"ListItem","position":2,"name":"About the show"}]},{"@type":"WebSite","@id":"https:\/\/pippicirkus.se\/sv\/#website","url":"https:\/\/pippicirkus.se\/sv\/","name":"Pippi P\u00e5 Cirkus","description":"Cirkusmusikalen f\u00f6r hela familjen av Bj\u00f6rn Ulvaeus","publisher":{"@id":"https:\/\/pippicirkus.se\/sv\/#organization"},"potentialAction":[{"@type":"SearchAction","target":{"@type":"EntryPoint","urlTemplate":"https:\/\/pippicirkus.se\/sv\/?s={search_term_string}"},"query-input":{"@type":"PropertyValueSpecification","valueRequired":true,"valueName":"search_term_string"}}],"inLanguage":"en-US"},{"@type":"Organization","@id":"https:\/\/pippicirkus.se\/sv\/#organization","name":"Pippi P\u00e5 Cirkus","url":"https:\/\/pippicirkus.se\/sv\/","logo":{"@type":"ImageObject","inLanguage":"en-US","@id":"https:\/\/pippicirkus.se\/sv\/#\/schema\/logo\/image\/","url":"https:\/\/pippicirkus.se\/app\/uploads\/2022\/12\/frame-97-1.png","contentUrl":"https:\/\/pippicirkus.se\/app\/uploads\/2022\/12\/frame-97-1.png","width":512,"height":512,"caption":"Pippi P\u00e5 Cirkus"},"image":{"@id":"https:\/\/pippicirkus.se\/sv\/#\/schema\/logo\/image\/"}}]}},"_links":{"self":[{"href":"https:\/\/pippicirkus.se\/en\/wp-json\/wp\/v2\/pages\/317","targetHints":{"allow":["GET"]}}],"collection":[{"href":"https:\/\/pippicirkus.se\/en\/wp-json\/wp\/v2\/pages"}],"about":[{"href":"https:\/\/pippicirkus.se\/en\/wp-json\/wp\/v2\/types\/page"}],"author":[{"embeddable":true,"href":"https:\/\/pippicirkus.se\/en\/wp-json\/wp\/v2\/users\/1"}],"replies":[{"embeddable":true,"href":"https:\/\/pippicirkus.se\/en\/wp-json\/wp\/v2\/comments?post=317"}],"version-history":[{"count":48,"href":"https:\/\/pippicirkus.se\/en\/wp-json\/wp\/v2\/pages\/317\/revisions"}],"predecessor-version":[{"id":1742,"href":"https:\/\/pippicirkus.se\/en\/wp-json\/wp\/v2\/pages\/317\/revisions\/1742"}],"wp:featuredmedia":[{"embeddable":true,"href":"https:\/\/pippicirkus.se\/en\/wp-json\/wp\/v2\/media\/375"}],"wp:attachment":[{"href":"https:\/\/pippicirkus.se\/en\/wp-json\/wp\/v2\/media?parent=317"}],"curies":[{"name":"wp","href":"https:\/\/api.w.org\/{rel}","templated":true}]}}