{"id":167,"date":"2022-11-02T08:40:35","date_gmt":"2022-11-02T07:40:35","guid":{"rendered":"https:\/\/pippicirkus.se\/start\/"},"modified":"2023-08-21T10:29:17","modified_gmt":"2023-08-21T09:29:17","slug":"start","status":"publish","type":"page","link":"https:\/\/pippicirkus.se\/en\/","title":{"rendered":"Start"},"content":{"rendered":"\r\n<section class=\"hero\">\r\n  <div class=\"container\">\r\n\r\n          <div class=\"image\">\r\n        <img loading=\"lazy\" decoding=\"async\" width=\"2560\" height=\"1440\" src=\"https:\/\/pippicirkus.se\/wp-content\/uploads\/2022\/12\/pippi-cirkus-1920x1080px-scaled.jpg\" class=\"attachment-full size-full\" alt=\"\" srcset=\"https:\/\/pippicirkus.se\/wp-content\/uploads\/2022\/12\/pippi-cirkus-1920x1080px-scaled.jpg 2560w, https:\/\/pippicirkus.se\/wp-content\/uploads\/2022\/12\/pippi-cirkus-1920x1080px-300x169.jpg 300w, https:\/\/pippicirkus.se\/wp-content\/uploads\/2022\/12\/pippi-cirkus-1920x1080px-1024x576.jpg 1024w, https:\/\/pippicirkus.se\/wp-content\/uploads\/2022\/12\/pippi-cirkus-1920x1080px-768x432.jpg 768w, https:\/\/pippicirkus.se\/wp-content\/uploads\/2022\/12\/pippi-cirkus-1920x1080px-1536x864.jpg 1536w, https:\/\/pippicirkus.se\/wp-content\/uploads\/2022\/12\/pippi-cirkus-1920x1080px-2048x1152.jpg 2048w\" sizes=\"auto, (max-width: 2560px) 100vw, 2560px\" \/>      <\/div>\r\n        \r\n    <div class=\"content\">\r\n      <p>Bj\u00f6rn Ulvaeus and<br \/>\nCirkus Cirk\u00f6r presents<\/p>\n              <img decoding=\"async\" src=\"https:\/\/pippicirkus.se\/wp-content\/uploads\/2023\/01\/pippi-at-the-circus-logo-primary-yellow-eng-rgb-1.png\" alt=\"Pippi P\u00e5 Cirkus\" loading=\"lazy\">\r\n            <\/div>\r\n\r\n        <a class=\"read-more\" href=\"#\"><span>Read more<\/span><\/a>\r\n  <\/div>\r\n<\/section>\r\n\n\n\r\n<section class=\"content yellow\" style=\"background-image:url(https:\/\/pippicirkus.se\/wp-content\/uploads\/2022\/12\/ppc-pattern-red-1920x1080-1.jpg)\">\r\n  <div class=\"container\">\r\n    <div class=\"wrapper\">\r\n            <div class=\"title\">Thank you<\/div>\r\n            <div class=\"content\"><h2><b>A big thank you to everyone who saw the show!<\/b><\/h2>\n<p>Pippi at the Cirkus 2023 is now concluded, thanks to everyone who saw the show this summer. What an audience!<\/p>\n<\/div>\r\n          <\/div>\r\n  <\/div>\r\n<\/section>\r\n\n\n\r\n<section class=\"reviews\">\r\n  <div class=\"container\">\r\n    <div class=\"row\">\r\n          <div class=\"col-md-6\">\r\n        <div class=\"inner\">\r\n                      <img decoding=\"async\" src=\"https:\/\/pippicirkus.se\/wp-content\/uploads\/2022\/11\/aftonbladet.png\" alt=\"\">\r\n                    <h3>&#8220;Absolutely wonderful!&#8221;<\/h3>\r\n          <p>Aftonbladet <\/p>\n                      <a href=\"https:\/\/www.aftonbladet.se\/nojesbladet\/a\/z7a1qr\/pippi-pa-cirkus-sa-bra-ar-musikalen\" target=\"_blank\">Read the full review<\/a>\r\n                  <\/div>\r\n      <\/div>\r\n            <div class=\"col-md-6\">\r\n        <div class=\"inner\">\r\n                    <h3>&#8220;Reaches dizzy heights&#8221;<\/h3>\r\n          <p>DN<\/p>\n                      <a href=\"https:\/\/www.dn.se\/kultur\/pippi-pa-cirkus-nar-stundom-svindlande-hojder\/\" target=\"_blank\">Read the full review<\/a>\r\n                  <\/div>\r\n      <\/div>\r\n            <div class=\"col-md-6\">\r\n        <div class=\"inner\">\r\n                    <h3>&#8220;An endlessly eventful and astonishingly cool circus show with extra everything.&#8221;<\/h3>\r\n          <p>SvD<\/p>\n                      <a href=\"https:\/\/www.svd.se\/a\/Kzom65\/bjorn-ulvaeus-pippi-pa-cirkus-ar-svangigt-hisnande\" target=\"_blank\">Read the full review<\/a>\r\n                  <\/div>\r\n      <\/div>\r\n            <div class=\"col-md-6\">\r\n        <div class=\"inner\">\r\n                    <h3>\u201dGreat entertainment in magical light\u201d<\/h3>\r\n          <p>Expressen<\/p>\n                      <a href=\"https:\/\/www.expressen.se\/kultur\/scen\/karnevaliskt-overflod-i-pippi-pa-cirkus\/\" target=\"_blank\">Read the full review<\/a>\r\n                  <\/div>\r\n      <\/div>\r\n          <\/div>\r\n  <\/div>\r\n<\/section>\r\n\n\n\r\n<section class=\"content yellow\" style=\"background-image:url(https:\/\/pippicirkus.se\/wp-content\/uploads\/2022\/12\/ppc-pattern-red-1920x1080-1.jpg)\">\r\n  <div class=\"container\">\r\n    <div class=\"wrapper\">\r\n            <div class=\"title\">ABOUT PIPPI AT THE CIRCUS<\/div>\r\n            <div class=\"content\"><h2><b>A circus musical for everyone<\/b><\/h2>\n<p><span style=\"font-weight: 400;\">Dancing poodles, human cannonballs, and a colourful orchestra. A grumpy circus director and the strongest girl in the world. Pippi at the Circus is a goodie bag with everything that is fun. Based on Astrid Lindgren\u2019s classic story, Bj\u00f6rn Ulvaeus, Maria Blom, Tilde Bj\u00f6rfors, and Cirkus Cirk\u00f6r (to mention a few), have created an extraordinary show \u2013 a sparkling circus musical for all children between 3 and 113 years old. <\/span><\/p>\n<\/div>\r\n              <a class=\"button\" href=\"https:\/\/pippicirkus.se\/en\/about-the-show\/\" target=\"_self\"><span>Read more about the show<\/span><\/a>\r\n          <\/div>\r\n  <\/div>\r\n<\/section>\r\n\n\n\r\n<section class=\"video\">\r\n  <div class=\"container\">\r\n\r\n        <video autoplay muted playsinline loop>\r\n      <source src=\"https:\/\/pippicirkus.se\/wp-content\/uploads\/2023\/05\/16_9-PPC.mp4\" type=\"video\/mp4\">\r\n      Your browser does not support the video tag.\r\n    <\/video>\r\n    \r\n    <div class=\"content\">\r\n      <div class=\"title\">In the Making of Pippi at the Cirkus<\/div>\r\n      <h2>View the documentary<\/h2>\r\n    <\/div>\r\n\r\n    <div class=\"play\">\r\n          <a data-fslightbox=\"video\" href=\"https:\/\/www.youtube.com\/embed\/f4BcHwhS15k?feature=oembed\"><\/a>\r\n    <\/div>\r\n\r\n  <\/div>\r\n<\/section>\r\n\n\n\r\n<section class=\"gallery\">\r\n<a data-fslightbox=\"gallery\" href=\"https:\/\/pippicirkus.se\/wp-content\/uploads\/2022\/12\/dsc6525-ljus-redigerad.jpg\"><img loading=\"lazy\" decoding=\"async\" width=\"576\" height=\"576\" src=\"https:\/\/pippicirkus.se\/wp-content\/uploads\/2022\/12\/dsc6525-ljus-redigerad-576x576.jpg\" class=\"attachment-gallery size-gallery\" alt=\"Pippi p\u00e5 Cirkus\" srcset=\"https:\/\/pippicirkus.se\/wp-content\/uploads\/2022\/12\/dsc6525-ljus-redigerad-576x576.jpg 576w, https:\/\/pippicirkus.se\/wp-content\/uploads\/2022\/12\/dsc6525-ljus-redigerad-300x300.jpg 300w, https:\/\/pippicirkus.se\/wp-content\/uploads\/2022\/12\/dsc6525-ljus-redigerad-150x150.jpg 150w, https:\/\/pippicirkus.se\/wp-content\/uploads\/2022\/12\/dsc6525-ljus-redigerad.jpg 709w\" sizes=\"auto, (max-width: 576px) 100vw, 576px\" \/><\/a><a data-fslightbox=\"gallery\" href=\"https:\/\/pippicirkus.se\/wp-content\/uploads\/2022\/12\/dsc4106-ljus-redigerad.jpg\"><img loading=\"lazy\" decoding=\"async\" width=\"567\" height=\"567\" src=\"https:\/\/pippicirkus.se\/wp-content\/uploads\/2022\/12\/dsc4106-ljus-redigerad.jpg\" class=\"attachment-gallery size-gallery\" alt=\"Pippi p\u00e5 Cirkus\" srcset=\"https:\/\/pippicirkus.se\/wp-content\/uploads\/2022\/12\/dsc4106-ljus-redigerad.jpg 567w, https:\/\/pippicirkus.se\/wp-content\/uploads\/2022\/12\/dsc4106-ljus-redigerad-300x300.jpg 300w, https:\/\/pippicirkus.se\/wp-content\/uploads\/2022\/12\/dsc4106-ljus-redigerad-150x150.jpg 150w\" sizes=\"auto, (max-width: 567px) 100vw, 567px\" \/><\/a><a data-fslightbox=\"gallery\" href=\"https:\/\/pippicirkus.se\/wp-content\/uploads\/2022\/12\/dsc5178-ljus-redigerad.jpg\"><img loading=\"lazy\" decoding=\"async\" width=\"567\" height=\"567\" src=\"https:\/\/pippicirkus.se\/wp-content\/uploads\/2022\/12\/dsc5178-ljus-redigerad.jpg\" class=\"attachment-gallery size-gallery\" alt=\"Pippi p\u00e5 Cirkus\" srcset=\"https:\/\/pippicirkus.se\/wp-content\/uploads\/2022\/12\/dsc5178-ljus-redigerad.jpg 567w, https:\/\/pippicirkus.se\/wp-content\/uploads\/2022\/12\/dsc5178-ljus-redigerad-300x300.jpg 300w, https:\/\/pippicirkus.se\/wp-content\/uploads\/2022\/12\/dsc5178-ljus-redigerad-150x150.jpg 150w\" sizes=\"auto, (max-width: 567px) 100vw, 567px\" \/><\/a><a data-fslightbox=\"gallery\" href=\"https:\/\/pippicirkus.se\/wp-content\/uploads\/2022\/12\/dsc2913-ljus-redigerad.jpg\"><img loading=\"lazy\" decoding=\"async\" width=\"567\" height=\"567\" src=\"https:\/\/pippicirkus.se\/wp-content\/uploads\/2022\/12\/dsc2913-ljus-redigerad.jpg\" class=\"attachment-gallery size-gallery\" alt=\"Pippi p\u00e5 Cirkus\" srcset=\"https:\/\/pippicirkus.se\/wp-content\/uploads\/2022\/12\/dsc2913-ljus-redigerad.jpg 567w, https:\/\/pippicirkus.se\/wp-content\/uploads\/2022\/12\/dsc2913-ljus-redigerad-300x300.jpg 300w, https:\/\/pippicirkus.se\/wp-content\/uploads\/2022\/12\/dsc2913-ljus-redigerad-150x150.jpg 150w\" sizes=\"auto, (max-width: 567px) 100vw, 567px\" \/><\/a><a data-fslightbox=\"gallery\" href=\"https:\/\/pippicirkus.se\/wp-content\/uploads\/2022\/12\/dsc5745-ljus-redigerad.jpg\"><img loading=\"lazy\" decoding=\"async\" width=\"567\" height=\"567\" src=\"https:\/\/pippicirkus.se\/wp-content\/uploads\/2022\/12\/dsc5745-ljus-redigerad.jpg\" class=\"attachment-gallery size-gallery\" alt=\"Pippi p\u00e5 Cirkus\" srcset=\"https:\/\/pippicirkus.se\/wp-content\/uploads\/2022\/12\/dsc5745-ljus-redigerad.jpg 567w, https:\/\/pippicirkus.se\/wp-content\/uploads\/2022\/12\/dsc5745-ljus-redigerad-300x300.jpg 300w, https:\/\/pippicirkus.se\/wp-content\/uploads\/2022\/12\/dsc5745-ljus-redigerad-150x150.jpg 150w\" sizes=\"auto, (max-width: 567px) 100vw, 567px\" \/><\/a><a data-fslightbox=\"gallery\" href=\"https:\/\/pippicirkus.se\/wp-content\/uploads\/2022\/12\/dsc7279-ljus-redigerad.jpg\"><img loading=\"lazy\" decoding=\"async\" width=\"576\" height=\"576\" src=\"https:\/\/pippicirkus.se\/wp-content\/uploads\/2022\/12\/dsc7279-ljus-redigerad-576x576.jpg\" class=\"attachment-gallery size-gallery\" alt=\"Pippi p\u00e5 Cirkus\" srcset=\"https:\/\/pippicirkus.se\/wp-content\/uploads\/2022\/12\/dsc7279-ljus-redigerad-576x576.jpg 576w, https:\/\/pippicirkus.se\/wp-content\/uploads\/2022\/12\/dsc7279-ljus-redigerad-300x300.jpg 300w, https:\/\/pippicirkus.se\/wp-content\/uploads\/2022\/12\/dsc7279-ljus-redigerad-150x150.jpg 150w, https:\/\/pippicirkus.se\/wp-content\/uploads\/2022\/12\/dsc7279-ljus-redigerad.jpg 709w\" sizes=\"auto, (max-width: 576px) 100vw, 576px\" \/><\/a><a data-fslightbox=\"gallery\" href=\"https:\/\/pippicirkus.se\/wp-content\/uploads\/2022\/12\/dsc2890-ljus-redigerad.jpg\"><img loading=\"lazy\" decoding=\"async\" width=\"567\" height=\"567\" src=\"https:\/\/pippicirkus.se\/wp-content\/uploads\/2022\/12\/dsc2890-ljus-redigerad.jpg\" class=\"attachment-gallery size-gallery\" alt=\"Pippi p\u00e5 Cirkus\" srcset=\"https:\/\/pippicirkus.se\/wp-content\/uploads\/2022\/12\/dsc2890-ljus-redigerad.jpg 567w, https:\/\/pippicirkus.se\/wp-content\/uploads\/2022\/12\/dsc2890-ljus-redigerad-300x300.jpg 300w, https:\/\/pippicirkus.se\/wp-content\/uploads\/2022\/12\/dsc2890-ljus-redigerad-150x150.jpg 150w\" sizes=\"auto, (max-width: 567px) 100vw, 567px\" \/><\/a><a data-fslightbox=\"gallery\" href=\"https:\/\/pippicirkus.se\/wp-content\/uploads\/2022\/12\/dsc3288-ljus-redigerad.jpg\"><img loading=\"lazy\" decoding=\"async\" width=\"567\" height=\"567\" src=\"https:\/\/pippicirkus.se\/wp-content\/uploads\/2022\/12\/dsc3288-ljus-redigerad.jpg\" class=\"attachment-gallery size-gallery\" alt=\"Pippi p\u00e5 Cirkus\" srcset=\"https:\/\/pippicirkus.se\/wp-content\/uploads\/2022\/12\/dsc3288-ljus-redigerad.jpg 567w, https:\/\/pippicirkus.se\/wp-content\/uploads\/2022\/12\/dsc3288-ljus-redigerad-300x300.jpg 300w, https:\/\/pippicirkus.se\/wp-content\/uploads\/2022\/12\/dsc3288-ljus-redigerad-150x150.jpg 150w\" sizes=\"auto, (max-width: 567px) 100vw, 567px\" \/><\/a><\/section>\r\n\n\n\r\n<section class=\"testimonials\" data-autoplay=\"true\">\r\n  <div class=\"container\">\r\n    <div class=\"swiper\">\r\n      <div class=\"swiper-wrapper\">\r\n              <div class=\"swiper-slide\" data-swiper-autoplay=\"3000\">\r\n          <div class=\"text\">\r\n            <h3>I wonder who enjoyed it the most, me or my grandchildren?<\/h3>\r\n            <p>Gunilla, 72<\/p>\r\n          <\/div>\r\n        <\/div>\r\n                <div class=\"swiper-slide\" data-swiper-autoplay=\"3000\">\r\n          <div class=\"text\">\r\n            <h3>I want to learn every single circus trick!<\/h3>\r\n            <p>Rolle, 9<\/p>\r\n          <\/div>\r\n        <\/div>\r\n                <div class=\"swiper-slide\" data-swiper-autoplay=\"3000\">\r\n          <div class=\"text\">\r\n            <h3>The flying horses were the best!<\/h3>\r\n            <p>Malin, 35 and Frankie, 8<\/p>\r\n          <\/div>\r\n        <\/div>\r\n                <div class=\"swiper-slide\" data-swiper-autoplay=\"3000\">\r\n          <div class=\"text\">\r\n            <h3>I might have fallen in love with Starke Adolf\u2026<\/h3>\r\n            <p>Jostein, 39<\/p>\r\n          <\/div>\r\n        <\/div>\r\n                <div class=\"swiper-slide\" data-swiper-autoplay=\"3000\">\r\n          <div class=\"text\">\r\n            <h3>This was better than the Eurovision song contest! <\/h3>\r\n            <p>My, 7 <\/p>\r\n          <\/div>\r\n        <\/div>\r\n                <div class=\"swiper-slide\" data-swiper-autoplay=\"3000\">\r\n          <div class=\"text\">\r\n            <h3>I wanna see it again, again and again!<\/h3>\r\n            <p>Milly, 5<\/p>\r\n          <\/div>\r\n        <\/div>\r\n                <div class=\"swiper-slide\" data-swiper-autoplay=\"3000\">\r\n          <div class=\"text\">\r\n            <h3>Pippi is probably the world\u2019s best role model. I want to be more like Pippi.<\/h3>\r\n            <p>Nisse, 38<\/p>\r\n          <\/div>\r\n        <\/div>\r\n                <div class=\"swiper-slide\" data-swiper-autoplay=\"3000\">\r\n          <div class=\"text\">\r\n            <h3>Wow!<\/h3>\r\n            <p>Viggo, 14<\/p>\r\n          <\/div>\r\n        <\/div>\r\n                <div class=\"swiper-slide\" data-swiper-autoplay=\"3000\">\r\n          <div class=\"text\">\r\n            <h3>The best I&#8217;ve seen.<\/h3>\r\n            <p>Emil, 12 <\/p>\r\n          <\/div>\r\n        <\/div>\r\n                <div class=\"swiper-slide\" data-swiper-autoplay=\"3000\">\r\n          <div class=\"text\">\r\n            <h3>The circus made me dizzy. The music filled me with joy.<\/h3>\r\n            <p>Elin, 42<\/p>\r\n          <\/div>\r\n        <\/div>\r\n                <div class=\"swiper-slide\" data-swiper-autoplay=\"3000\">\r\n          <div class=\"text\">\r\n            <h3>Is it too late to switch career and join the circus? I got so inspired.<\/h3>\r\n            <p>Jan, 70<\/p>\r\n          <\/div>\r\n        <\/div>\r\n              <\/div>\r\n      <div class=\"swiper-pagination\"><\/div>\r\n    <\/div>\r\n  <\/div>\r\n<\/section>\r\n","protected":false},"excerpt":{"rendered":"","protected":false},"author":1,"featured_media":375,"parent":0,"menu_order":0,"comment_status":"closed","ping_status":"closed","template":"","meta":{"_acf_changed":false,"inline_featured_image":false,"footnotes":""},"class_list":["post-167","page","type-page","status-publish","has-post-thumbnail","hentry"],"acf":[],"yoast_head":"<!-- This site is optimized with the Yoast SEO plugin v27.3 - https:\/\/yoast.com\/product\/yoast-seo-wordpress\/ -->\n<title>Pippi P\u00e5 Cirkus - The circus musical for the whole family<\/title>\n<meta name=\"description\" content=\"Pippi at the Circus is a candy bag packed full of all kinds of fun. A sparkling circus musical for all children aged 3 to 113.\" \/>\n<meta name=\"robots\" content=\"index, follow, max-snippet:-1, max-image-preview:large, max-video-preview:-1\" \/>\n<link rel=\"canonical\" href=\"https:\/\/pippicirkus.se\/en\/\" \/>\n<meta property=\"og:locale\" content=\"en_US\" \/>\n<meta property=\"og:type\" content=\"article\" \/>\n<meta property=\"og:title\" content=\"Pippi P\u00e5 Cirkus - The circus musical for the whole family\" \/>\n<meta property=\"og:description\" content=\"Pippi at the Circus is a candy bag packed full of all kinds of fun. A sparkling circus musical for all children aged 3 to 113.\" \/>\n<meta property=\"og:url\" content=\"https:\/\/pippicirkus.se\/en\/\" \/>\n<meta property=\"og:site_name\" content=\"Pippi P\u00e5 Cirkus\" \/>\n<meta property=\"article:modified_time\" content=\"2023-08-21T09:29:17+00:00\" \/>\n<meta property=\"og:image\" content=\"https:\/\/pippicirkus.se\/app\/uploads\/2022\/12\/keyvisual-low.jpg\" \/>\n\t<meta property=\"og:image:width\" content=\"2274\" \/>\n\t<meta property=\"og:image:height\" content=\"1279\" \/>\n\t<meta property=\"og:image:type\" content=\"image\/jpeg\" \/>\n<meta name=\"twitter:card\" content=\"summary_large_image\" \/>\n<script type=\"application\/ld+json\" class=\"yoast-schema-graph\">{\"@context\":\"https:\\\/\\\/schema.org\",\"@graph\":[{\"@type\":\"WebPage\",\"@id\":\"https:\\\/\\\/pippicirkus.se\\\/en\\\/\",\"url\":\"https:\\\/\\\/pippicirkus.se\\\/en\\\/\",\"name\":\"Pippi P\u00e5 Cirkus - The circus musical for the whole family\",\"isPartOf\":{\"@id\":\"https:\\\/\\\/pippicirkus.se\\\/sv\\\/#website\"},\"primaryImageOfPage\":{\"@id\":\"https:\\\/\\\/pippicirkus.se\\\/en\\\/#primaryimage\"},\"image\":{\"@id\":\"https:\\\/\\\/pippicirkus.se\\\/en\\\/#primaryimage\"},\"thumbnailUrl\":\"https:\\\/\\\/pippicirkus.se\\\/wp-content\\\/uploads\\\/2022\\\/12\\\/keyvisual-low.jpg\",\"datePublished\":\"2022-11-02T07:40:35+00:00\",\"dateModified\":\"2023-08-21T09:29:17+00:00\",\"description\":\"Pippi at the Circus is a candy bag packed full of all kinds of fun. A sparkling circus musical for all children aged 3 to 113.\",\"breadcrumb\":{\"@id\":\"https:\\\/\\\/pippicirkus.se\\\/en\\\/#breadcrumb\"},\"inLanguage\":\"en-US\",\"potentialAction\":[{\"@type\":\"ReadAction\",\"target\":[\"https:\\\/\\\/pippicirkus.se\\\/en\\\/\"]}]},{\"@type\":\"ImageObject\",\"inLanguage\":\"en-US\",\"@id\":\"https:\\\/\\\/pippicirkus.se\\\/en\\\/#primaryimage\",\"url\":\"https:\\\/\\\/pippicirkus.se\\\/wp-content\\\/uploads\\\/2022\\\/12\\\/keyvisual-low.jpg\",\"contentUrl\":\"https:\\\/\\\/pippicirkus.se\\\/wp-content\\\/uploads\\\/2022\\\/12\\\/keyvisual-low.jpg\",\"width\":2274,\"height\":1279,\"caption\":\"Pippi p\u00e5 cirkus\"},{\"@type\":\"BreadcrumbList\",\"@id\":\"https:\\\/\\\/pippicirkus.se\\\/en\\\/#breadcrumb\",\"itemListElement\":[{\"@type\":\"ListItem\",\"position\":1,\"name\":\"Home\",\"item\":\"https:\\\/\\\/pippicirkus.se\\\/en\\\/\"},{\"@type\":\"ListItem\",\"position\":2,\"name\":\"Start\"}]},{\"@type\":\"WebSite\",\"@id\":\"https:\\\/\\\/pippicirkus.se\\\/sv\\\/#website\",\"url\":\"https:\\\/\\\/pippicirkus.se\\\/sv\\\/\",\"name\":\"Pippi P\u00e5 Cirkus\",\"description\":\"Cirkusmusikalen f\u00f6r hela familjen av Bj\u00f6rn Ulvaeus\",\"publisher\":{\"@id\":\"https:\\\/\\\/pippicirkus.se\\\/sv\\\/#organization\"},\"potentialAction\":[{\"@type\":\"SearchAction\",\"target\":{\"@type\":\"EntryPoint\",\"urlTemplate\":\"https:\\\/\\\/pippicirkus.se\\\/sv\\\/?s={search_term_string}\"},\"query-input\":{\"@type\":\"PropertyValueSpecification\",\"valueRequired\":true,\"valueName\":\"search_term_string\"}}],\"inLanguage\":\"en-US\"},{\"@type\":\"Organization\",\"@id\":\"https:\\\/\\\/pippicirkus.se\\\/sv\\\/#organization\",\"name\":\"Pippi P\u00e5 Cirkus\",\"url\":\"https:\\\/\\\/pippicirkus.se\\\/sv\\\/\",\"logo\":{\"@type\":\"ImageObject\",\"inLanguage\":\"en-US\",\"@id\":\"https:\\\/\\\/pippicirkus.se\\\/sv\\\/#\\\/schema\\\/logo\\\/image\\\/\",\"url\":\"https:\\\/\\\/pippicirkus.se\\\/app\\\/uploads\\\/2022\\\/12\\\/frame-97-1.png\",\"contentUrl\":\"https:\\\/\\\/pippicirkus.se\\\/app\\\/uploads\\\/2022\\\/12\\\/frame-97-1.png\",\"width\":512,\"height\":512,\"caption\":\"Pippi P\u00e5 Cirkus\"},\"image\":{\"@id\":\"https:\\\/\\\/pippicirkus.se\\\/sv\\\/#\\\/schema\\\/logo\\\/image\\\/\"}}]}<\/script>\n<!-- \/ Yoast SEO plugin. -->","yoast_head_json":{"title":"Pippi P\u00e5 Cirkus - The circus musical for the whole family","description":"Pippi at the Circus is a candy bag packed full of all kinds of fun. A sparkling circus musical for all children aged 3 to 113.","robots":{"index":"index","follow":"follow","max-snippet":"max-snippet:-1","max-image-preview":"max-image-preview:large","max-video-preview":"max-video-preview:-1"},"canonical":"https:\/\/pippicirkus.se\/en\/","og_locale":"en_US","og_type":"article","og_title":"Pippi P\u00e5 Cirkus - The circus musical for the whole family","og_description":"Pippi at the Circus is a candy bag packed full of all kinds of fun. A sparkling circus musical for all children aged 3 to 113.","og_url":"https:\/\/pippicirkus.se\/en\/","og_site_name":"Pippi P\u00e5 Cirkus","article_modified_time":"2023-08-21T09:29:17+00:00","og_image":[{"width":2274,"height":1279,"url":"https:\/\/pippicirkus.se\/app\/uploads\/2022\/12\/keyvisual-low.jpg","type":"image\/jpeg"}],"twitter_card":"summary_large_image","schema":{"@context":"https:\/\/schema.org","@graph":[{"@type":"WebPage","@id":"https:\/\/pippicirkus.se\/en\/","url":"https:\/\/pippicirkus.se\/en\/","name":"Pippi P\u00e5 Cirkus - The circus musical for the whole family","isPartOf":{"@id":"https:\/\/pippicirkus.se\/sv\/#website"},"primaryImageOfPage":{"@id":"https:\/\/pippicirkus.se\/en\/#primaryimage"},"image":{"@id":"https:\/\/pippicirkus.se\/en\/#primaryimage"},"thumbnailUrl":"https:\/\/pippicirkus.se\/wp-content\/uploads\/2022\/12\/keyvisual-low.jpg","datePublished":"2022-11-02T07:40:35+00:00","dateModified":"2023-08-21T09:29:17+00:00","description":"Pippi at the Circus is a candy bag packed full of all kinds of fun. A sparkling circus musical for all children aged 3 to 113.","breadcrumb":{"@id":"https:\/\/pippicirkus.se\/en\/#breadcrumb"},"inLanguage":"en-US","potentialAction":[{"@type":"ReadAction","target":["https:\/\/pippicirkus.se\/en\/"]}]},{"@type":"ImageObject","inLanguage":"en-US","@id":"https:\/\/pippicirkus.se\/en\/#primaryimage","url":"https:\/\/pippicirkus.se\/wp-content\/uploads\/2022\/12\/keyvisual-low.jpg","contentUrl":"https:\/\/pippicirkus.se\/wp-content\/uploads\/2022\/12\/keyvisual-low.jpg","width":2274,"height":1279,"caption":"Pippi p\u00e5 cirkus"},{"@type":"BreadcrumbList","@id":"https:\/\/pippicirkus.se\/en\/#breadcrumb","itemListElement":[{"@type":"ListItem","position":1,"name":"Home","item":"https:\/\/pippicirkus.se\/en\/"},{"@type":"ListItem","position":2,"name":"Start"}]},{"@type":"WebSite","@id":"https:\/\/pippicirkus.se\/sv\/#website","url":"https:\/\/pippicirkus.se\/sv\/","name":"Pippi P\u00e5 Cirkus","description":"Cirkusmusikalen f\u00f6r hela familjen av Bj\u00f6rn Ulvaeus","publisher":{"@id":"https:\/\/pippicirkus.se\/sv\/#organization"},"potentialAction":[{"@type":"SearchAction","target":{"@type":"EntryPoint","urlTemplate":"https:\/\/pippicirkus.se\/sv\/?s={search_term_string}"},"query-input":{"@type":"PropertyValueSpecification","valueRequired":true,"valueName":"search_term_string"}}],"inLanguage":"en-US"},{"@type":"Organization","@id":"https:\/\/pippicirkus.se\/sv\/#organization","name":"Pippi P\u00e5 Cirkus","url":"https:\/\/pippicirkus.se\/sv\/","logo":{"@type":"ImageObject","inLanguage":"en-US","@id":"https:\/\/pippicirkus.se\/sv\/#\/schema\/logo\/image\/","url":"https:\/\/pippicirkus.se\/app\/uploads\/2022\/12\/frame-97-1.png","contentUrl":"https:\/\/pippicirkus.se\/app\/uploads\/2022\/12\/frame-97-1.png","width":512,"height":512,"caption":"Pippi P\u00e5 Cirkus"},"image":{"@id":"https:\/\/pippicirkus.se\/sv\/#\/schema\/logo\/image\/"}}]}},"_links":{"self":[{"href":"https:\/\/pippicirkus.se\/en\/wp-json\/wp\/v2\/pages\/167","targetHints":{"allow":["GET"]}}],"collection":[{"href":"https:\/\/pippicirkus.se\/en\/wp-json\/wp\/v2\/pages"}],"about":[{"href":"https:\/\/pippicirkus.se\/en\/wp-json\/wp\/v2\/types\/page"}],"author":[{"embeddable":true,"href":"https:\/\/pippicirkus.se\/en\/wp-json\/wp\/v2\/users\/1"}],"replies":[{"embeddable":true,"href":"https:\/\/pippicirkus.se\/en\/wp-json\/wp\/v2\/comments?post=167"}],"version-history":[{"count":88,"href":"https:\/\/pippicirkus.se\/en\/wp-json\/wp\/v2\/pages\/167\/revisions"}],"predecessor-version":[{"id":1732,"href":"https:\/\/pippicirkus.se\/en\/wp-json\/wp\/v2\/pages\/167\/revisions\/1732"}],"wp:featuredmedia":[{"embeddable":true,"href":"https:\/\/pippicirkus.se\/en\/wp-json\/wp\/v2\/media\/375"}],"wp:attachment":[{"href":"https:\/\/pippicirkus.se\/en\/wp-json\/wp\/v2\/media?parent=167"}],"curies":[{"name":"wp","href":"https:\/\/api.w.org\/{rel}","templated":true}]}}