{"id":1025,"date":"2022-11-03T16:22:41","date_gmt":"2022-11-03T15:22:41","guid":{"rendered":"https:\/\/pippicirkus.se\/contact-and-press\/"},"modified":"2023-01-17T20:26:09","modified_gmt":"2023-01-17T19:26:09","slug":"contact-and-press","status":"publish","type":"page","link":"https:\/\/pippicirkus.se\/en\/contact-and-press\/","title":{"rendered":"Contact and Press"},"content":{"rendered":"\r\n<section class=\"content yellow\" style=\"background-image:url(https:\/\/pippicirkus.se\/wp-content\/uploads\/2022\/11\/stripes-scaled.jpg)\">\r\n  <div class=\"container\">\r\n    <div class=\"wrapper\">\r\n            <div class=\"title\">Contact<\/div>\r\n            <div class=\"content\"><div class=\"elementor-element elementor-element-ed3684b elementor-widget elementor-widget-heading\" data-id=\"ed3684b\" data-element_type=\"widget\" data-widget_type=\"heading.default\">\n<div class=\"elementor-widget-container\">\n<h2>Questions and help with bookings<\/h2>\n<h3 class=\"elementor-heading-title elementor-size-default\">Bookings<\/h3>\n<\/div>\n<\/div>\n<div class=\"elementor-element elementor-element-99022c9 elementor-widget elementor-widget-text-editor\" data-id=\"99022c9\" data-element_type=\"widget\" data-widget_type=\"text-editor.default\">\n<div class=\"elementor-widget-container\">\n<div class=\"elementor-text-editor elementor-clearfix\">\n<p>For bookings and reservations, please contact<\/p>\n<p><strong>Ticketmaster<\/strong><br \/>\nmon-fri 10am \u2013 4pm<br \/>\n<strong>Tel:<\/strong> +46 (0)77-170 70 70<br \/>\n<strong>Email:<\/strong>\u00a0biljettkassan@cirkus.se<\/p>\n<\/div>\n<\/div>\n<\/div>\n<div class=\"elementor-element elementor-element-8f0017a elementor-widget elementor-widget-heading\" data-id=\"8f0017a\" data-element_type=\"widget\" data-widget_type=\"heading.default\">\n<div class=\"elementor-widget-container\">\n<h3 class=\"elementor-heading-title elementor-size-default\">Groups and corporate resevations<\/h3>\n<\/div>\n<\/div>\n<div class=\"elementor-element elementor-element-5096c93 elementor-widget elementor-widget-text-editor\" data-id=\"5096c93\" data-element_type=\"widget\" data-widget_type=\"text-editor.default\">\n<div class=\"elementor-widget-container\">\n<div class=\"elementor-text-editor elementor-clearfix\">\n<p><strong>Tel:<\/strong> +46 (0)8-587 987 16<br \/>\n<strong>Email:<\/strong>\u00a0biljettkassan@cirkus.se<\/p>\n<\/div>\n<\/div>\n<\/div>\n<div class=\"elementor-element elementor-element-9b02700 elementor-widget elementor-widget-heading\" data-id=\"9b02700\" data-element_type=\"widget\" data-widget_type=\"heading.default\">\n<div class=\"elementor-widget-container\">\n<h3 class=\"elementor-heading-title elementor-size-default\">Ackommodation och ticket packages<\/h3>\n<\/div>\n<\/div>\n<div class=\"elementor-element elementor-element-3e67502 elementor-widget elementor-widget-text-editor\" data-id=\"3e67502\" data-element_type=\"widget\" data-widget_type=\"text-editor.default\">\n<div class=\"elementor-widget-container\">\n<p>Please click below for favorable offers from our hotel partners. They offer nice deals on tickets and accommodation at some of the best hotels in Stockholm.<\/p>\n<p class=\"elementor-text-editor elementor-clearfix\"><a href=\"https:\/\/backstagehotelsthlm.com\/\">Backstage Hotel<\/a><\/p>\n<p class=\"elementor-text-editor elementor-clearfix\"><a href=\"https:\/\/hasselbacken.com\/sv\/erbjudanden\/\" target=\"_blank\" rel=\"noopener\">Hotell Hasselbacken<\/a><\/p>\n<p class=\"elementor-text-editor elementor-clearfix\"><a href=\"https:\/\/www.nordicchoicehotels.se\/paket\/pippi-pa-cirkus\" target=\"_blank\" rel=\"noopener\">Nordic Choice Hotels<\/a><\/p>\n<\/div>\n<\/div>\n<p>&nbsp;<\/p>\n<\/div>\r\n          <\/div>\r\n  <\/div>\r\n<\/section>\r\n\r\n<section class=\"content yellow\" style=\"background-image:url(https:\/\/pippicirkus.se\/wp-content\/uploads\/2022\/12\/ppc-pattern-purple-1920x1080-1.jpg)\">\r\n  <div class=\"container\">\r\n    <div class=\"wrapper\">\r\n            <div class=\"content\"><div class=\"elementor-element elementor-element-0d2d2cf elementor-widget elementor-widget-heading\" data-id=\"0d2d2cf\" data-element_type=\"widget\" data-widget_type=\"heading.default\">\n<div class=\"elementor-widget-container\">\n<h2>Marketing partnerships &amp; press<\/h2>\n<h3 class=\"elementor-heading-title elementor-size-default\">Marketing<\/h3>\n<\/div>\n<\/div>\n<div class=\"elementor-element elementor-element-8670360 elementor-widget elementor-widget-text-editor\" data-id=\"8670360\" data-element_type=\"widget\" data-widget_type=\"text-editor.default\">\n<div class=\"elementor-widget-container\">\n<div class=\"elementor-text-editor elementor-clearfix\">\n<p><strong>Lisa Wadell<\/strong><br \/>\nEmail: <a href=\"mailto:lisa@krall.se\">lisa@krall.se<\/a><\/p>\n<\/div>\n<\/div>\n<\/div>\n<p>&nbsp;<\/p>\n<p>&nbsp;<\/p>\n<div class=\"elementor-element elementor-element-52a4670 elementor-widget elementor-widget-heading\" data-id=\"52a4670\" data-element_type=\"widget\" data-widget_type=\"heading.default\">\n<div class=\"elementor-widget-container\">\n<h3 class=\"elementor-heading-title elementor-size-default\">Press contact<\/h3>\n<\/div>\n<\/div>\n<div class=\"elementor-element elementor-element-60d50d3 elementor-widget elementor-widget-text-editor\" data-id=\"60d50d3\" data-element_type=\"widget\" data-widget_type=\"text-editor.default\">\n<div class=\"elementor-widget-container\">\n<div class=\"elementor-text-editor elementor-clearfix\">\n<p><strong>Sofie Nelson<\/strong><br \/>\nEmail: <a href=\"mailto:sofie.nelson@pophouse.se\">sofie.nelson@pophouse.se<\/a><\/p>\n<\/div>\n<\/div>\n<\/div>\n<\/div>\r\n          <\/div>\r\n  <\/div>\r\n<\/section>\r\n","protected":false},"excerpt":{"rendered":"","protected":false},"author":1,"featured_media":0,"parent":0,"menu_order":0,"comment_status":"closed","ping_status":"closed","template":"","meta":{"_acf_changed":false,"inline_featured_image":false,"footnotes":""},"class_list":["post-1025","page","type-page","status-publish","hentry"],"acf":[],"yoast_head":"<!-- This site is optimized with the Yoast SEO plugin v27.3 - https:\/\/yoast.com\/product\/yoast-seo-wordpress\/ -->\n<title>Contact and Press - Pippi P\u00e5 Cirkus<\/title>\n<meta name=\"robots\" content=\"index, follow, max-snippet:-1, max-image-preview:large, max-video-preview:-1\" \/>\n<link rel=\"canonical\" href=\"https:\/\/pippicirkus.se\/en\/contact-and-press\/\" \/>\n<meta property=\"og:locale\" content=\"en_US\" \/>\n<meta property=\"og:type\" content=\"article\" \/>\n<meta property=\"og:title\" content=\"Contact and Press - Pippi P\u00e5 Cirkus\" \/>\n<meta property=\"og:url\" content=\"https:\/\/pippicirkus.se\/en\/contact-and-press\/\" \/>\n<meta property=\"og:site_name\" content=\"Pippi P\u00e5 Cirkus\" \/>\n<meta property=\"article:modified_time\" content=\"2023-01-17T19:26:09+00:00\" \/>\n<meta name=\"twitter:card\" content=\"summary_large_image\" \/>\n<script type=\"application\/ld+json\" class=\"yoast-schema-graph\">{\"@context\":\"https:\\\/\\\/schema.org\",\"@graph\":[{\"@type\":\"WebPage\",\"@id\":\"https:\\\/\\\/pippicirkus.se\\\/en\\\/contact-and-press\\\/\",\"url\":\"https:\\\/\\\/pippicirkus.se\\\/en\\\/contact-and-press\\\/\",\"name\":\"Contact and Press - Pippi P\u00e5 Cirkus\",\"isPartOf\":{\"@id\":\"https:\\\/\\\/pippicirkus.se\\\/sv\\\/#website\"},\"datePublished\":\"2022-11-03T15:22:41+00:00\",\"dateModified\":\"2023-01-17T19:26:09+00:00\",\"breadcrumb\":{\"@id\":\"https:\\\/\\\/pippicirkus.se\\\/en\\\/contact-and-press\\\/#breadcrumb\"},\"inLanguage\":\"en-US\",\"potentialAction\":[{\"@type\":\"ReadAction\",\"target\":[\"https:\\\/\\\/pippicirkus.se\\\/en\\\/contact-and-press\\\/\"]}]},{\"@type\":\"BreadcrumbList\",\"@id\":\"https:\\\/\\\/pippicirkus.se\\\/en\\\/contact-and-press\\\/#breadcrumb\",\"itemListElement\":[{\"@type\":\"ListItem\",\"position\":1,\"name\":\"Home\",\"item\":\"https:\\\/\\\/pippicirkus.se\\\/en\\\/\"},{\"@type\":\"ListItem\",\"position\":2,\"name\":\"Contact and Press\"}]},{\"@type\":\"WebSite\",\"@id\":\"https:\\\/\\\/pippicirkus.se\\\/sv\\\/#website\",\"url\":\"https:\\\/\\\/pippicirkus.se\\\/sv\\\/\",\"name\":\"Pippi P\u00e5 Cirkus\",\"description\":\"Cirkusmusikalen f\u00f6r hela familjen av Bj\u00f6rn Ulvaeus\",\"publisher\":{\"@id\":\"https:\\\/\\\/pippicirkus.se\\\/sv\\\/#organization\"},\"potentialAction\":[{\"@type\":\"SearchAction\",\"target\":{\"@type\":\"EntryPoint\",\"urlTemplate\":\"https:\\\/\\\/pippicirkus.se\\\/sv\\\/?s={search_term_string}\"},\"query-input\":{\"@type\":\"PropertyValueSpecification\",\"valueRequired\":true,\"valueName\":\"search_term_string\"}}],\"inLanguage\":\"en-US\"},{\"@type\":\"Organization\",\"@id\":\"https:\\\/\\\/pippicirkus.se\\\/sv\\\/#organization\",\"name\":\"Pippi P\u00e5 Cirkus\",\"url\":\"https:\\\/\\\/pippicirkus.se\\\/sv\\\/\",\"logo\":{\"@type\":\"ImageObject\",\"inLanguage\":\"en-US\",\"@id\":\"https:\\\/\\\/pippicirkus.se\\\/sv\\\/#\\\/schema\\\/logo\\\/image\\\/\",\"url\":\"https:\\\/\\\/pippicirkus.se\\\/app\\\/uploads\\\/2022\\\/12\\\/frame-97-1.png\",\"contentUrl\":\"https:\\\/\\\/pippicirkus.se\\\/app\\\/uploads\\\/2022\\\/12\\\/frame-97-1.png\",\"width\":512,\"height\":512,\"caption\":\"Pippi P\u00e5 Cirkus\"},\"image\":{\"@id\":\"https:\\\/\\\/pippicirkus.se\\\/sv\\\/#\\\/schema\\\/logo\\\/image\\\/\"}}]}<\/script>\n<!-- \/ Yoast SEO plugin. -->","yoast_head_json":{"title":"Contact and Press - Pippi P\u00e5 Cirkus","robots":{"index":"index","follow":"follow","max-snippet":"max-snippet:-1","max-image-preview":"max-image-preview:large","max-video-preview":"max-video-preview:-1"},"canonical":"https:\/\/pippicirkus.se\/en\/contact-and-press\/","og_locale":"en_US","og_type":"article","og_title":"Contact and Press - Pippi P\u00e5 Cirkus","og_url":"https:\/\/pippicirkus.se\/en\/contact-and-press\/","og_site_name":"Pippi P\u00e5 Cirkus","article_modified_time":"2023-01-17T19:26:09+00:00","twitter_card":"summary_large_image","schema":{"@context":"https:\/\/schema.org","@graph":[{"@type":"WebPage","@id":"https:\/\/pippicirkus.se\/en\/contact-and-press\/","url":"https:\/\/pippicirkus.se\/en\/contact-and-press\/","name":"Contact and Press - Pippi P\u00e5 Cirkus","isPartOf":{"@id":"https:\/\/pippicirkus.se\/sv\/#website"},"datePublished":"2022-11-03T15:22:41+00:00","dateModified":"2023-01-17T19:26:09+00:00","breadcrumb":{"@id":"https:\/\/pippicirkus.se\/en\/contact-and-press\/#breadcrumb"},"inLanguage":"en-US","potentialAction":[{"@type":"ReadAction","target":["https:\/\/pippicirkus.se\/en\/contact-and-press\/"]}]},{"@type":"BreadcrumbList","@id":"https:\/\/pippicirkus.se\/en\/contact-and-press\/#breadcrumb","itemListElement":[{"@type":"ListItem","position":1,"name":"Home","item":"https:\/\/pippicirkus.se\/en\/"},{"@type":"ListItem","position":2,"name":"Contact and Press"}]},{"@type":"WebSite","@id":"https:\/\/pippicirkus.se\/sv\/#website","url":"https:\/\/pippicirkus.se\/sv\/","name":"Pippi P\u00e5 Cirkus","description":"Cirkusmusikalen f\u00f6r hela familjen av Bj\u00f6rn Ulvaeus","publisher":{"@id":"https:\/\/pippicirkus.se\/sv\/#organization"},"potentialAction":[{"@type":"SearchAction","target":{"@type":"EntryPoint","urlTemplate":"https:\/\/pippicirkus.se\/sv\/?s={search_term_string}"},"query-input":{"@type":"PropertyValueSpecification","valueRequired":true,"valueName":"search_term_string"}}],"inLanguage":"en-US"},{"@type":"Organization","@id":"https:\/\/pippicirkus.se\/sv\/#organization","name":"Pippi P\u00e5 Cirkus","url":"https:\/\/pippicirkus.se\/sv\/","logo":{"@type":"ImageObject","inLanguage":"en-US","@id":"https:\/\/pippicirkus.se\/sv\/#\/schema\/logo\/image\/","url":"https:\/\/pippicirkus.se\/app\/uploads\/2022\/12\/frame-97-1.png","contentUrl":"https:\/\/pippicirkus.se\/app\/uploads\/2022\/12\/frame-97-1.png","width":512,"height":512,"caption":"Pippi P\u00e5 Cirkus"},"image":{"@id":"https:\/\/pippicirkus.se\/sv\/#\/schema\/logo\/image\/"}}]}},"_links":{"self":[{"href":"https:\/\/pippicirkus.se\/en\/wp-json\/wp\/v2\/pages\/1025","targetHints":{"allow":["GET"]}}],"collection":[{"href":"https:\/\/pippicirkus.se\/en\/wp-json\/wp\/v2\/pages"}],"about":[{"href":"https:\/\/pippicirkus.se\/en\/wp-json\/wp\/v2\/types\/page"}],"author":[{"embeddable":true,"href":"https:\/\/pippicirkus.se\/en\/wp-json\/wp\/v2\/users\/1"}],"replies":[{"embeddable":true,"href":"https:\/\/pippicirkus.se\/en\/wp-json\/wp\/v2\/comments?post=1025"}],"version-history":[{"count":4,"href":"https:\/\/pippicirkus.se\/en\/wp-json\/wp\/v2\/pages\/1025\/revisions"}],"predecessor-version":[{"id":1156,"href":"https:\/\/pippicirkus.se\/en\/wp-json\/wp\/v2\/pages\/1025\/revisions\/1156"}],"wp:attachment":[{"href":"https:\/\/pippicirkus.se\/en\/wp-json\/wp\/v2\/media?parent=1025"}],"curies":[{"name":"wp","href":"https:\/\/api.w.org\/{rel}","templated":true}]}}